{"id":249145,"date":"2025-11-18T15:09:23","date_gmt":"2025-11-18T14:09:23","guid":{"rendered":"https:\/\/health-ai.de\/?page_id=249145"},"modified":"2025-11-18T15:15:25","modified_gmt":"2025-11-18T14:15:25","slug":"ausschreibungen","status":"publish","type":"page","link":"https:\/\/health-ai.de\/dev-site\/ausschreibungen\/","title":{"rendered":"Ausschreibungen"},"content":{"rendered":"\t\t<div data-elementor-type=\"wp-page\" data-elementor-id=\"249145\" class=\"elementor elementor-249145\">\n\t\t\t\t\t\t<section class=\"elementor-section elementor-top-section elementor-element elementor-element-f8162e9 elementor-section-boxed elementor-section-height-default elementor-section-height-default\" data-id=\"f8162e9\" data-element_type=\"section\">\n\t\t\t\t\t\t<div class=\"elementor-container elementor-column-gap-default\">\n\t\t\t\t\t<div class=\"elementor-column elementor-col-100 elementor-top-column elementor-element elementor-element-a74e48f\" data-id=\"a74e48f\" data-element_type=\"column\">\n\t\t\t<div class=\"elementor-widget-wrap elementor-element-populated\">\n\t\t\t\t\t\t<div class=\"elementor-element elementor-element-d855369 elementor-widget elementor-widget-text-editor\" data-id=\"d855369\" data-element_type=\"widget\" data-widget_type=\"text-editor.default\">\n\t\t\t\t<div class=\"elementor-widget-container\">\n\t\t\t\t\t\t\t\t\t<p>In dieser Rubrik finden Sie die <strong>aktuellen Ausschreibungen und Vergabeverfahren<\/strong> des Health.AI-Netzwerks, darunter auch <strong>Verhandlungsverfahren mit \u00f6ffentlichem Teilnahmewettbewerb<\/strong>. Hier ver\u00f6ffentlichen wir alle relevanten Unterlagen zu laufenden Aufrufen, einschlie\u00dflich Fristen, Teilnahmevoraussetzungen und Ansprechpersonen.<\/p><p>Mit den hier ver\u00f6ffentlichten Ausschreibungen m\u00f6chten wir einen <strong>transparenten und fairen Zugang<\/strong> zu unseren Innovations- und Vergabeverfahren sicherstellen und qualifizierten Partnern die M\u00f6glichkeit geben, sich fr\u00fchzeitig und umfassend zu informieren.<br \/>Alle Ausschreibungen werden fortlaufend aktualisiert, so dass Sie jederzeit den aktuellen Stand einsehen k\u00f6nnen:<br \/><br \/><\/p><ul><li><a href=\"https:\/\/www.service.bund.de\/IMPORTE\/Ausschreibungen\/editor\/K8-Institut-fuer-strategische-Aesthetik-gGmbH\/2025\/11\/6297072.html?nn=4641482&amp;type=0&amp;searchResult=true\">Wis\u00adsens-\/Er\u00adfah\u00adrungs\u00adtrans\u00adfer GAIA-X\/IP\u00adCEI-CIS<\/a><br \/><br \/><\/li><li><a href=\"https:\/\/www.service.bund.de\/IMPORTE\/Ausschreibungen\/editor\/K8-Institut-fuer-strategische-Aesthetik-gGmbH\/2025\/11\/6297219.html?nn=4641482&amp;type=0&amp;searchResult=true\" target=\"_blank\" rel=\"noopener\">Ana\u00adly\u00adse Da\u00adten\u00ad\u00f6ko\u00adsys\u00adtem\u00adge\u00adstal\u00adtung<\/a><\/li><\/ul>\t\t\t\t\t\t\t\t<\/div>\n\t\t\t\t<\/div>\n\t\t\t\t\t<\/div>\n\t\t<\/div>\n\t\t\t\t\t<\/div>\n\t\t<\/section>\n\t\t\t\t<\/div>\n\t\t","protected":false},"excerpt":{"rendered":"<p>In dieser Rubrik finden Sie die aktuellen Ausschreibungen und Vergabeverfahren des Health.AI-Netzwerks, darunter auch Verhandlungsverfahren mit \u00f6ffentlichem Teilnahmewettbewerb. Hier ver\u00f6ffentlichen wir alle relevanten Unterlagen zu laufenden Aufrufen, einschlie\u00dflich Fristen, Teilnahmevoraussetzungen &#8230; <a title=\"Ausschreibungen\" class=\"read-more\" href=\"https:\/\/health-ai.de\/dev-site\/ausschreibungen\/\" aria-label=\"Mehr zu Ausschreibungen\">Weiterlesen &#8230;<\/a><\/p>\n","protected":false},"author":5,"featured_media":0,"parent":0,"menu_order":0,"comment_status":"closed","ping_status":"closed","template":"","meta":{"footnotes":""},"class_list":{"0":"post-249145","1":"page","2":"type-page","3":"status-publish","5":"no-featured-image-padding"},"_links":{"self":[{"href":"https:\/\/health-ai.de\/dev-site\/wp-json\/wp\/v2\/pages\/249145","targetHints":{"allow":["GET"]}}],"collection":[{"href":"https:\/\/health-ai.de\/dev-site\/wp-json\/wp\/v2\/pages"}],"about":[{"href":"https:\/\/health-ai.de\/dev-site\/wp-json\/wp\/v2\/types\/page"}],"author":[{"embeddable":true,"href":"https:\/\/health-ai.de\/dev-site\/wp-json\/wp\/v2\/users\/5"}],"replies":[{"embeddable":true,"href":"https:\/\/health-ai.de\/dev-site\/wp-json\/wp\/v2\/comments?post=249145"}],"version-history":[{"count":4,"href":"https:\/\/health-ai.de\/dev-site\/wp-json\/wp\/v2\/pages\/249145\/revisions"}],"predecessor-version":[{"id":249150,"href":"https:\/\/health-ai.de\/dev-site\/wp-json\/wp\/v2\/pages\/249145\/revisions\/249150"}],"wp:attachment":[{"href":"https:\/\/health-ai.de\/dev-site\/wp-json\/wp\/v2\/media?parent=249145"}],"curies":[{"name":"wp","href":"https:\/\/api.w.org\/{rel}","templated":true}]}}