{"id":246913,"date":"2024-05-07T13:44:26","date_gmt":"2024-05-07T11:44:26","guid":{"rendered":"https:\/\/health-ai.de\/?page_id=246913"},"modified":"2024-08-13T09:16:31","modified_gmt":"2024-08-13T07:16:31","slug":"reallabore","status":"publish","type":"page","link":"https:\/\/health-ai.de\/dev-site\/hub\/reallabore\/","title":{"rendered":"Reallabore"},"content":{"rendered":"\t\t<div data-elementor-type=\"wp-page\" data-elementor-id=\"246913\" class=\"elementor elementor-246913\">\n\t\t\t\t\t\t<section class=\"elementor-section elementor-top-section elementor-element elementor-element-4b421d3 elementor-section-boxed elementor-section-height-default elementor-section-height-default\" data-id=\"4b421d3\" data-element_type=\"section\">\n\t\t\t\t\t\t<div class=\"elementor-container elementor-column-gap-default\">\n\t\t\t\t\t<div class=\"elementor-column elementor-col-100 elementor-top-column elementor-element elementor-element-99d6f35\" data-id=\"99d6f35\" data-element_type=\"column\">\n\t\t\t<div class=\"elementor-widget-wrap elementor-element-populated\">\n\t\t\t\t\t\t<div class=\"elementor-element elementor-element-6241d12 elementor-widget elementor-widget-heading\" data-id=\"6241d12\" data-element_type=\"widget\" data-widget_type=\"heading.default\">\n\t\t\t\t<div class=\"elementor-widget-container\">\n\t\t\t\t\t<h1 class=\"elementor-heading-title elementor-size-default\">Reallabore<\/h1>\t\t\t\t<\/div>\n\t\t\t\t<\/div>\n\t\t\t\t\t<\/div>\n\t\t<\/div>\n\t\t\t\t\t<\/div>\n\t\t<\/section>\n\t\t\t\t<section class=\"elementor-section elementor-top-section elementor-element elementor-element-edd6641 elementor-section-boxed elementor-section-height-default elementor-section-height-default\" data-id=\"edd6641\" data-element_type=\"section\">\n\t\t\t\t\t\t<div class=\"elementor-container elementor-column-gap-default\">\n\t\t\t\t\t<div class=\"elementor-column elementor-col-100 elementor-top-column elementor-element elementor-element-f6579bd\" data-id=\"f6579bd\" data-element_type=\"column\">\n\t\t\t<div class=\"elementor-widget-wrap elementor-element-populated\">\n\t\t\t\t\t\t<div class=\"elementor-element elementor-element-0445ba1 elementor-widget elementor-widget-text-editor\" data-id=\"0445ba1\" data-element_type=\"widget\" data-widget_type=\"text-editor.default\">\n\t\t\t\t<div class=\"elementor-widget-container\">\n\t\t\t\t\t\t\t\t\t<p>Reallabore sind multidisziplin\u00e4re Forschungsumgebungen, die es erm\u00f6glichen, komplexe soziale, technologische und \u00f6kologische Systeme in realen Settings zu gestalten, zu untersuchen und zu testen. Reallabore bieten dar\u00fcber hinaus die M\u00f6glichkeit, regulatorische Anforderungen zu lockern (rechtliche Sonderrahmen\/Sandboxing), um Experimente durchzuf\u00fchren, ohne die \u00fcblichen rechtlichen H\u00fcrden \u00fcberwinden zu m\u00fcssen. Dadurch k\u00f6nnen Forschende schneller lernen, wie ihre Innovationen funktionieren und welche Auswirkungen sie haben (k\u00f6nnten). Mithilfe dieser Testphasen k\u00f6nnen Fehler und Dysfunktionen fr\u00fchzeitig erkannt und bearbeitet werden und somit potentielle Risiken f\u00fcr die breite Bev\u00f6lkerung reduziert werden.<\/p><p>Das Health.AI-Netzwerk baut auf der Vielseitigkeit der beteiligten Partner auf, will zur gemeinsamen Nutzung von Orten, Werkzeugen und Verfahrenstechniken anregen und zur Weitergabe von Wissen motivieren. Dazu soll eine Datenbank geschaffen werden, die Informationen \u00fcber die im Netzwerk vorhandenen Reallabore, Infrastrukturen und Kompetenzen enth\u00e4lt. Die oben genannte Definition von Reallaboren wird daf\u00fcr breit gefasst, auch Musterwohnungen und Coworking-Spaces werden hier gern aufgenommen. Ebenso zeigt die Datenbank, welche spezifischen Voraussetzungen f\u00fcr die geteilte Nutzung im Prototyping des Health.AI Hub bestehen.<\/p><p><strong>Sollten Sie oder Ihre Institution ein Reallabor betreiben oder <\/strong><strong>\u00fcber <\/strong><strong>gemeinsam nutzbare Infrastrukturen<\/strong><strong> verf\u00fcgen<\/strong><strong>, <\/strong><strong>nehmen Sie sich bitte einen Moment Zeit, um den folgenden Fragebogen auszuf\u00fcllen.<\/strong> Ausz\u00fcge der gesammelten Daten werden kontinuierlich auf unserer Webseite ver\u00f6ffentlicht, sodass Sie und alle anderen Netzwerkmitglieder diese nutzen k\u00f6nnen.<\/p>\t\t\t\t\t\t\t\t<\/div>\n\t\t\t\t<\/div>\n\t\t\t\t\t<\/div>\n\t\t<\/div>\n\t\t\t\t\t<\/div>\n\t\t<\/section>\n\t\t\t\t<section class=\"elementor-section elementor-top-section elementor-element elementor-element-310cc57 elementor-section-boxed elementor-section-height-default elementor-section-height-default\" data-id=\"310cc57\" data-element_type=\"section\">\n\t\t\t\t\t\t<div class=\"elementor-container elementor-column-gap-default\">\n\t\t\t\t\t<div class=\"elementor-column elementor-col-100 elementor-top-column elementor-element elementor-element-2f2ceb3\" data-id=\"2f2ceb3\" data-element_type=\"column\">\n\t\t\t<div class=\"elementor-widget-wrap elementor-element-populated\">\n\t\t\t\t\t\t<div class=\"elementor-element elementor-element-304640d elementor-widget elementor-widget-spacer\" data-id=\"304640d\" data-element_type=\"widget\" data-widget_type=\"spacer.default\">\n\t\t\t\t<div class=\"elementor-widget-container\">\n\t\t\t\t\t\t\t<div class=\"elementor-spacer\">\n\t\t\t<div class=\"elementor-spacer-inner\"><\/div>\n\t\t<\/div>\n\t\t\t\t\t\t<\/div>\n\t\t\t\t<\/div>\n\t\t\t\t<div class=\"elementor-element elementor-element-b62df17 elementor-widget elementor-widget-text-editor\" data-id=\"b62df17\" data-element_type=\"widget\" data-widget_type=\"text-editor.default\">\n\t\t\t\t<div class=\"elementor-widget-container\">\n\t\t\t\t\t\t\t\t\t<p>Hinweis: Unser System hat Probleme mit dem Safari-Browser. Bitte verwenden Sie eine Alternative.<\/p>\t\t\t\t\t\t\t\t<\/div>\n\t\t\t\t<\/div>\n\t\t\t\t\t<\/div>\n\t\t<\/div>\n\t\t\t\t\t<\/div>\n\t\t<\/section>\n\t\t\t\t<section class=\"elementor-section elementor-top-section elementor-element elementor-element-bab774e elementor-section-boxed elementor-section-height-default elementor-section-height-default\" data-id=\"bab774e\" data-element_type=\"section\">\n\t\t\t\t\t\t<div class=\"elementor-container elementor-column-gap-default\">\n\t\t\t\t\t<div class=\"elementor-column elementor-col-100 elementor-top-column elementor-element elementor-element-063573d\" data-id=\"063573d\" data-element_type=\"column\">\n\t\t\t<div class=\"elementor-widget-wrap elementor-element-populated\">\n\t\t\t\t\t\t\t<\/div>\n\t\t<\/div>\n\t\t\t\t\t<\/div>\n\t\t<\/section>\n\t\t\t\t<\/div>\n\t\t","protected":false},"excerpt":{"rendered":"<p>Reallabore Reallabore sind multidisziplin\u00e4re Forschungsumgebungen, die es erm\u00f6glichen, komplexe soziale, technologische und \u00f6kologische Systeme in realen Settings zu gestalten, zu untersuchen und zu testen. Reallabore bieten dar\u00fcber hinaus die M\u00f6glichkeit, &#8230; <a title=\"Reallabore\" class=\"read-more\" href=\"https:\/\/health-ai.de\/dev-site\/hub\/reallabore\/\" aria-label=\"Mehr zu Reallabore\">Weiterlesen &#8230;<\/a><\/p>\n","protected":false},"author":5,"featured_media":0,"parent":243822,"menu_order":3,"comment_status":"closed","ping_status":"closed","template":"","meta":{"footnotes":""},"class_list":{"0":"post-246913","1":"page","2":"type-page","3":"status-publish","5":"no-featured-image-padding"},"_links":{"self":[{"href":"https:\/\/health-ai.de\/dev-site\/wp-json\/wp\/v2\/pages\/246913","targetHints":{"allow":["GET"]}}],"collection":[{"href":"https:\/\/health-ai.de\/dev-site\/wp-json\/wp\/v2\/pages"}],"about":[{"href":"https:\/\/health-ai.de\/dev-site\/wp-json\/wp\/v2\/types\/page"}],"author":[{"embeddable":true,"href":"https:\/\/health-ai.de\/dev-site\/wp-json\/wp\/v2\/users\/5"}],"replies":[{"embeddable":true,"href":"https:\/\/health-ai.de\/dev-site\/wp-json\/wp\/v2\/comments?post=246913"}],"version-history":[{"count":14,"href":"https:\/\/health-ai.de\/dev-site\/wp-json\/wp\/v2\/pages\/246913\/revisions"}],"predecessor-version":[{"id":247271,"href":"https:\/\/health-ai.de\/dev-site\/wp-json\/wp\/v2\/pages\/246913\/revisions\/247271"}],"up":[{"embeddable":true,"href":"https:\/\/health-ai.de\/dev-site\/wp-json\/wp\/v2\/pages\/243822"}],"wp:attachment":[{"href":"https:\/\/health-ai.de\/dev-site\/wp-json\/wp\/v2\/media?parent=246913"}],"curies":[{"name":"wp","href":"https:\/\/api.w.org\/{rel}","templated":true}]}}