{"id":244580,"date":"2023-05-15T18:00:53","date_gmt":"2023-05-15T16:00:24","guid":{"rendered":"https:\/\/health-ai.de\/dev-site\/?page_id=244580"},"modified":"2024-08-16T12:36:24","modified_gmt":"2024-08-16T10:36:24","slug":"prototyping","status":"publish","type":"page","link":"https:\/\/health-ai.de\/dev-site\/hub\/prototyping\/","title":{"rendered":"Prototyping"},"content":{"rendered":"\t\t<div data-elementor-type=\"wp-page\" data-elementor-id=\"244580\" class=\"elementor elementor-244580\">\n\t\t\t\t\t\t<section class=\"elementor-section elementor-top-section elementor-element elementor-element-4b421d3 elementor-section-boxed elementor-section-height-default elementor-section-height-default\" data-id=\"4b421d3\" data-element_type=\"section\">\n\t\t\t\t\t\t<div class=\"elementor-container elementor-column-gap-default\">\n\t\t\t\t\t<div class=\"elementor-column elementor-col-100 elementor-top-column elementor-element elementor-element-99d6f35\" data-id=\"99d6f35\" data-element_type=\"column\">\n\t\t\t<div class=\"elementor-widget-wrap elementor-element-populated\">\n\t\t\t\t\t\t<div class=\"elementor-element elementor-element-6241d12 elementor-widget elementor-widget-heading\" data-id=\"6241d12\" data-element_type=\"widget\" data-widget_type=\"heading.default\">\n\t\t\t\t<div class=\"elementor-widget-container\">\n\t\t\t\t\t<h1 class=\"elementor-heading-title elementor-size-default\">Prototyping<\/h1>\t\t\t\t<\/div>\n\t\t\t\t<\/div>\n\t\t\t\t\t<\/div>\n\t\t<\/div>\n\t\t\t\t\t<\/div>\n\t\t<\/section>\n\t\t\t\t<section class=\"elementor-section elementor-top-section elementor-element elementor-element-edd6641 elementor-section-boxed elementor-section-height-default elementor-section-height-default\" data-id=\"edd6641\" data-element_type=\"section\">\n\t\t\t\t\t\t<div class=\"elementor-container elementor-column-gap-default\">\n\t\t\t\t\t<div class=\"elementor-column elementor-col-100 elementor-top-column elementor-element elementor-element-f6579bd\" data-id=\"f6579bd\" data-element_type=\"column\">\n\t\t\t<div class=\"elementor-widget-wrap elementor-element-populated\">\n\t\t\t\t\t\t<div class=\"elementor-element elementor-element-0445ba1 elementor-widget elementor-widget-text-editor\" data-id=\"0445ba1\" data-element_type=\"widget\" data-widget_type=\"text-editor.default\">\n\t\t\t\t<div class=\"elementor-widget-container\">\n\t\t\t\t\t\t\t\t\t<p><strong>Wie kann das gemeinsame Prototyping im Rahmen von Health.AI<\/strong><strong> aussehen?<\/strong><\/p><ol><li><strong>Problemidentifikation:<\/strong>\u00a0Die beteiligten Parteien, darunter Gesundheitsexpert:innen, Technologieentwickler:innen und Patient:innenenvertretungen, identifizieren gemeinsam eine Herausforderung im Gesundheitswesen, die durch den Einsatz von KI gel\u00f6st oder verbessert werden k\u00f6nnte. Dies k\u00f6nnte beispielsweise die Fr\u00fcherkennung von Krankheiten, die Optimierung von Behandlungspl\u00e4nen oder die Verbesserung der medizinischen Diagnosen sein.<br \/><br \/><br \/><\/li><li><strong>Ideenentwicklung:<\/strong> In Workshops, Diskussionsrunden und Expert:innenengespr\u00e4chen werden verschiedene Ideen gesammelt, wie KI-Technologien eingesetzt werden k\u00f6nnten, um die identifizierten Herausforderungen zu adressieren. Diese Ideen k\u00f6nnten zum Beispiel die Entwicklung von Algorithmen zur Analyse medizinischer Bilder, die Nutzung von Machine Learning zur personalisierten Medizin oder die Implementierung von Chatbots f\u00fcr die Patient:innenenkommunikation umfassen.<br \/><br \/><br \/><\/li><li><strong>Erste Prototypenkonzeption: <\/strong>Basierend auf den ausgearbeiteten Ideen werden Konzepte f\u00fcr Prototypen von KI-gest\u00fctzten L\u00f6sungen entwickelt. Diese Konzepte umfassen eine Beschreibung der Funktionalit\u00e4ten, Technologien und Anwendungsf\u00e4lle des vorgeschlagenen Prototyps sowie einen groben Plan f\u00fcr dessen Umsetzung.\u00a0<br \/><br \/><\/li><li>Validierung und Machbarkeitspr\u00fcfung: Die Konzepte werden einer ersten Validierung und Machbarkeitspr\u00fcfung unterzogen, um festzustellen, ob die vorgeschlagenen Prototypen technisch umsetzbar sind und einen potenziellen Mehrwert f\u00fcr die Gesundheitsversorgung bieten. Dies kann durch Simulationen, Expert:innenenfeedback oder Literaturrecherche erfolgen.<br \/><br \/><\/li><li>Projektantragstellung: Basierend auf den validierten Prototypenkonzepten werden Projektantr\u00e4ge formuliert, die die geplanten Entwicklungs- und Umsetzungsschritte sowie die erwarteten Ergebnisse und Auswirkungen des Projekts beschreiben. Diese Projektantr\u00e4ge k\u00f6nnen bei F\u00f6rderorganisationen, Forschungsfonds oder anderen Finanzierungsquellen eingereicht werden, um finanzielle Unterst\u00fctzung f\u00fcr die Entwicklung und Umsetzung der Prototypen zu erhalten.<\/li><\/ol>\t\t\t\t\t\t\t\t<\/div>\n\t\t\t\t<\/div>\n\t\t\t\t\t<\/div>\n\t\t<\/div>\n\t\t\t\t\t<\/div>\n\t\t<\/section>\n\t\t\t\t<section class=\"elementor-section elementor-top-section elementor-element elementor-element-588b863 elementor-section-boxed elementor-section-height-default elementor-section-height-default\" data-id=\"588b863\" data-element_type=\"section\">\n\t\t\t\t\t\t<div class=\"elementor-container elementor-column-gap-default\">\n\t\t\t\t\t<div class=\"elementor-column elementor-col-100 elementor-top-column elementor-element elementor-element-ad75c48\" data-id=\"ad75c48\" data-element_type=\"column\">\n\t\t\t<div class=\"elementor-widget-wrap elementor-element-populated\">\n\t\t\t\t\t\t<div class=\"elementor-element elementor-element-ac49079 elementor-widget elementor-widget-spacer\" data-id=\"ac49079\" data-element_type=\"widget\" data-widget_type=\"spacer.default\">\n\t\t\t\t<div class=\"elementor-widget-container\">\n\t\t\t\t\t\t\t<div class=\"elementor-spacer\">\n\t\t\t<div class=\"elementor-spacer-inner\"><\/div>\n\t\t<\/div>\n\t\t\t\t\t\t<\/div>\n\t\t\t\t<\/div>\n\t\t\t\t\t<\/div>\n\t\t<\/div>\n\t\t\t\t\t<\/div>\n\t\t<\/section>\n\t\t\t\t<section class=\"elementor-section elementor-top-section elementor-element elementor-element-3ea24ac elementor-section-boxed elementor-section-height-default elementor-section-height-default elementor-invisible\" data-id=\"3ea24ac\" data-element_type=\"section\" data-settings=\"{&quot;animation&quot;:&quot;fadeInUp&quot;}\">\n\t\t\t\t\t\t<div class=\"elementor-container elementor-column-gap-default\">\n\t\t\t\t\t<div class=\"elementor-column elementor-col-100 elementor-top-column elementor-element elementor-element-a482e82\" data-id=\"a482e82\" data-element_type=\"column\">\n\t\t\t<div class=\"elementor-widget-wrap elementor-element-populated\">\n\t\t\t\t\t\t<div class=\"elementor-element elementor-element-5c83458 elementor-widget elementor-widget-heading\" data-id=\"5c83458\" data-element_type=\"widget\" data-widget_type=\"heading.default\">\n\t\t\t\t<div class=\"elementor-widget-container\">\n\t\t\t\t\t<h2 class=\"elementor-heading-title elementor-size-default\">Prototyping meets Health<\/h2>\t\t\t\t<\/div>\n\t\t\t\t<\/div>\n\t\t\t\t<div class=\"elementor-element elementor-element-1701758 elementor-widget elementor-widget-text-editor\" data-id=\"1701758\" data-element_type=\"widget\" data-widget_type=\"text-editor.default\">\n\t\t\t\t<div class=\"elementor-widget-container\">\n\t\t\t\t\t\t\t\t\t<p>Erfahren Sie <a href=\"https:\/\/health-ai.de\/prototyping-meets-health\/\">hier<\/a> alle Infos zur Ausstellung und Fachtagung der Veranstaltung <strong>&#8222;<a href=\"https:\/\/health-ai.de\/prototyping-meets-health\/\">Prototyping meets health<\/a>&#8222;<\/strong>, welche im Februar im co:hub66 stattgefunden hat.<\/p>\t\t\t\t\t\t\t\t<\/div>\n\t\t\t\t<\/div>\n\t\t\t\t\t<\/div>\n\t\t<\/div>\n\t\t\t\t\t<\/div>\n\t\t<\/section>\n\t\t\t\t<\/div>\n\t\t","protected":false},"excerpt":{"rendered":"<p>Prototyping Wie kann das gemeinsame Prototyping im Rahmen von Health.AI aussehen? Problemidentifikation:\u00a0Die beteiligten Parteien, darunter Gesundheitsexpert:innen, Technologieentwickler:innen und Patient:innenenvertretungen, identifizieren gemeinsam eine Herausforderung im Gesundheitswesen, die durch den Einsatz von &#8230; <a title=\"Prototyping\" class=\"read-more\" href=\"https:\/\/health-ai.de\/dev-site\/hub\/prototyping\/\" aria-label=\"Mehr zu Prototyping\">Weiterlesen &#8230;<\/a><\/p>\n","protected":false},"author":5,"featured_media":0,"parent":243822,"menu_order":2,"comment_status":"closed","ping_status":"closed","template":"","meta":{"footnotes":""},"class_list":{"0":"post-244580","1":"page","2":"type-page","3":"status-publish","5":"no-featured-image-padding"},"_links":{"self":[{"href":"https:\/\/health-ai.de\/dev-site\/wp-json\/wp\/v2\/pages\/244580","targetHints":{"allow":["GET"]}}],"collection":[{"href":"https:\/\/health-ai.de\/dev-site\/wp-json\/wp\/v2\/pages"}],"about":[{"href":"https:\/\/health-ai.de\/dev-site\/wp-json\/wp\/v2\/types\/page"}],"author":[{"embeddable":true,"href":"https:\/\/health-ai.de\/dev-site\/wp-json\/wp\/v2\/users\/5"}],"replies":[{"embeddable":true,"href":"https:\/\/health-ai.de\/dev-site\/wp-json\/wp\/v2\/comments?post=244580"}],"version-history":[{"count":21,"href":"https:\/\/health-ai.de\/dev-site\/wp-json\/wp\/v2\/pages\/244580\/revisions"}],"predecessor-version":[{"id":247305,"href":"https:\/\/health-ai.de\/dev-site\/wp-json\/wp\/v2\/pages\/244580\/revisions\/247305"}],"up":[{"embeddable":true,"href":"https:\/\/health-ai.de\/dev-site\/wp-json\/wp\/v2\/pages\/243822"}],"wp:attachment":[{"href":"https:\/\/health-ai.de\/dev-site\/wp-json\/wp\/v2\/media?parent=244580"}],"curies":[{"name":"wp","href":"https:\/\/api.w.org\/{rel}","templated":true}]}}