{"id":244578,"date":"2023-05-15T17:59:50","date_gmt":"2023-05-15T15:59:50","guid":{"rendered":"https:\/\/health-ai.de\/dev-site\/?page_id=244578"},"modified":"2025-06-04T10:31:54","modified_gmt":"2025-06-04T08:31:54","slug":"academy","status":"publish","type":"page","link":"https:\/\/health-ai.de\/dev-site\/hub\/academy\/","title":{"rendered":"Academy"},"content":{"rendered":"\t\t<div data-elementor-type=\"wp-page\" data-elementor-id=\"244578\" class=\"elementor elementor-244578\">\n\t\t\t\t\t\t<section class=\"elementor-section elementor-top-section elementor-element elementor-element-95371c9 elementor-section-boxed elementor-section-height-default elementor-section-height-default\" data-id=\"95371c9\" data-element_type=\"section\">\n\t\t\t\t\t\t<div class=\"elementor-container elementor-column-gap-default\">\n\t\t\t\t\t<div class=\"elementor-column elementor-col-100 elementor-top-column elementor-element elementor-element-aa16d4c\" data-id=\"aa16d4c\" data-element_type=\"column\">\n\t\t\t<div class=\"elementor-widget-wrap elementor-element-populated\">\n\t\t\t\t\t\t<div class=\"elementor-element elementor-element-0d66b3f elementor-widget elementor-widget-text-editor\" data-id=\"0d66b3f\" data-element_type=\"widget\" data-widget_type=\"text-editor.default\">\n\t\t\t\t<div class=\"elementor-widget-container\">\n\t\t\t\t\t\t\t\t\t<p>Im Modul &#8222;Academy&#8220; des Health.AI Hubs wird der Austausch von (Fach-)Wissen und der Aufbau von (fachspezifischen) Kompetenzen gef\u00f6rdert. Die Academy ist eine Plattform f\u00fcr Schulungen, Workshops und andere Vermittlungsformate wie learning journeys, die von Netzwerkmitgliedern f\u00fcr Netzwerkmitglieder angeboten werden. Das Ziel ist es, grundlegende Kenntnisse \u00fcber und ein gemeinsames Verst\u00e4ndnis von branchen- und bereichsspezifische Vorgehensweisen, Prozessen und Voraussetzungen zu schaffen, um so bedarfsgerechte und praxisorientierte Ideen und L\u00f6sungsans\u00e4tze f\u00fcr das regionale Gesundheitswesen zu entwickeln. Durch gemeinsames Lernen und die unmittelbare Anwendung neu erworbenen Wissens sollen Synergien identifiziert und die Voraussetzung f\u00fcr die Entwicklung realistischer Umsetzungsszenarien geschaffen werden. So werden Qualit\u00e4t und Erfolgschancen der F&amp;E-Aktivit\u00e4ten innerhalb von Health.AI verbessert.<\/p>\t\t\t\t\t\t\t\t<\/div>\n\t\t\t\t<\/div>\n\t\t\t\t\t<\/div>\n\t\t<\/div>\n\t\t\t\t\t<\/div>\n\t\t<\/section>\n\t\t\t\t<section class=\"elementor-section elementor-top-section elementor-element elementor-element-fd35194 animated-slow elementor-section-boxed elementor-section-height-default elementor-section-height-default elementor-invisible\" data-id=\"fd35194\" data-element_type=\"section\" data-settings=\"{&quot;animation&quot;:&quot;fadeIn&quot;}\">\n\t\t\t\t\t\t<div class=\"elementor-container elementor-column-gap-default\">\n\t\t\t\t\t<div class=\"elementor-column elementor-col-100 elementor-top-column elementor-element elementor-element-5d51f7a\" data-id=\"5d51f7a\" data-element_type=\"column\">\n\t\t\t<div class=\"elementor-widget-wrap elementor-element-populated\">\n\t\t\t\t\t\t<div class=\"elementor-element elementor-element-05f6ba5 elementor-grid-eael-col-3 elementor-grid-tablet-eael-col-2 elementor-grid-mobile-eael-col-1 elementor-widget elementor-widget-eael-post-grid\" data-id=\"05f6ba5\" data-element_type=\"widget\" data-settings=\"{&quot;eael_post_grid_columns&quot;:&quot;eael-col-3&quot;,&quot;eael_post_grid_columns_tablet&quot;:&quot;eael-col-2&quot;,&quot;eael_post_grid_columns_mobile&quot;:&quot;eael-col-1&quot;}\" data-widget_type=\"eael-post-grid.default\">\n\t\t\t\t<div class=\"elementor-widget-container\">\n\t\t\t\t\t<div id=\"eael-post-grid-05f6ba5\" class=\"eael-post-grid-container\">\n            <div class=\"eael-post-grid eael-post-appender eael-post-appender-05f6ba5 eael-post-grid-style-two\" data-layout-mode=\"grid\"><article class=\"eael-grid-post eael-post-grid-column\" data-id=\"247842\">\n        <div class=\"eael-grid-post-holder\">\n            <div class=\"eael-grid-post-holder-inner\"><div class=\"eael-entry-wrapper\"><header class=\"eael-entry-header\"><h2 class=\"eael-entry-title\"><a\n                                    class=\"eael-grid-post-link\"\n                                    href=\"https:\/\/health-ai.de\/dev-site\/wissenstransfer-an-der-schnittstelle-zwischen-gesundheit-und-ki-die-health-ai-academy-vortrag-flaeki-ki-in-der-augenheilkunde\/\"\n                                    title=\"Wissenstransfer an der Schnittstelle zwischen Gesundheit und KI &#8211; die Health.AI Academy pr\u00e4sentiert: Fl\u00e4KI | K\u00fcnstliche Intelligenz in der Augenheilkunde\">Wissenstransfer an der Schnittstelle zwischen Gesundheit und KI &#8211; die Health.AI Academy pr\u00e4sentiert: Fl\u00e4KI | K\u00fcnstliche Intelligenz in der Augenheilkunde<\/a><\/h2><\/header><div class=\"eael-entry-header-after style-two\"><div class=\"eael-entry-meta\"><span class=\"eael-posted-on eael-meta-posted-on\"><i class=\"far fa-clock\"><\/i><time datetime=\"15. September 2025\">15. September 2025<\/time><\/span><\/div><\/div><div class=\"eael-entry-content\">\n                                    <div class=\"eael-grid-post-excerpt\"><p>In unserer Veranstaltung \u201eFl\u00e4KI | K\u00fcnstliche Intelligenz in der Augenheilkunde\u201c am 15. Oktober 2025 in der Augenklinik Sulzbach wollen wir gemeinsam mit Ihnen zukunftsweisende Formen der KI-unterst\u00fctzten medizinischen Diagnostik und...<\/p><a\n                                        href=\"https:\/\/health-ai.de\/dev-site\/wissenstransfer-an-der-schnittstelle-zwischen-gesundheit-und-ki-die-health-ai-academy-vortrag-flaeki-ki-in-der-augenheilkunde\/\"\n                                        class=\"eael-post-elements-readmore-btn\">weiterlesen<\/a><\/div>\n                                <\/div><\/div><\/div>\n        <\/div>\n    <\/article><article class=\"eael-grid-post eael-post-grid-column\" data-id=\"247949\">\n        <div class=\"eael-grid-post-holder\">\n            <div class=\"eael-grid-post-holder-inner\"><div class=\"eael-entry-wrapper\"><header class=\"eael-entry-header\"><h2 class=\"eael-entry-title\"><a\n                                    class=\"eael-grid-post-link\"\n                                    href=\"https:\/\/health-ai.de\/dev-site\/patientenorientierte-versorgungssteuerung-digital-vor-ambulant-vor-stationaer\/\"\n                                    title=\"Patientenorientierte Versorgungssteuerung &#8211; digital vor ambulant vor station\u00e4r\">Patientenorientierte Versorgungssteuerung &#8211; digital vor ambulant vor station\u00e4r<\/a><\/h2><\/header><div class=\"eael-entry-header-after style-two\"><div class=\"eael-entry-meta\"><span class=\"eael-posted-on eael-meta-posted-on\"><i class=\"far fa-clock\"><\/i><time datetime=\"17. Juli 2025\">17. Juli 2025<\/time><\/span><\/div><\/div><div class=\"eael-entry-content\">\n                                    <div class=\"eael-grid-post-excerpt\"><p>Was haben&nbsp;Health.AI, Miss Germany, T-Systems, die Techniker Krankenkasse und Triathlon gemeinsam? Sie alle werden einen wichtigen Teil zu unserer Veranstaltung \u201ePatientenorientierte Versorgungssteuerung &#8211; digital vor ambulant vor station\u00e4r\u201c am 27....<\/p><a\n                                        href=\"https:\/\/health-ai.de\/dev-site\/patientenorientierte-versorgungssteuerung-digital-vor-ambulant-vor-stationaer\/\"\n                                        class=\"eael-post-elements-readmore-btn\">weiterlesen<\/a><\/div>\n                                <\/div><\/div><\/div>\n        <\/div>\n    <\/article><article class=\"eael-grid-post eael-post-grid-column\" data-id=\"247937\">\n        <div class=\"eael-grid-post-holder\">\n            <div class=\"eael-grid-post-holder-inner\"><div class=\"eael-entry-wrapper\"><header class=\"eael-entry-header\"><h2 class=\"eael-entry-title\"><a\n                                    class=\"eael-grid-post-link\"\n                                    href=\"https:\/\/health-ai.de\/dev-site\/webinar-sehschaerfe-durch-datenkraft-kuenstliche-intelligenz-in-der-augenmedizin\/\"\n                                    title=\"Webinar &#8222;Sehsch\u00e4rfe durch Datenkraft: K\u00fcnstliche Intelligenz in der Augenmedizin&#8220;\">Webinar &#8222;Sehsch\u00e4rfe durch Datenkraft: K\u00fcnstliche Intelligenz in der Augenmedizin&#8220;<\/a><\/h2><\/header><div class=\"eael-entry-header-after style-two\"><div class=\"eael-entry-meta\"><span class=\"eael-posted-on eael-meta-posted-on\"><i class=\"far fa-clock\"><\/i><time datetime=\"10. Juli 2025\">10. Juli 2025<\/time><\/span><\/div><\/div><div class=\"eael-entry-content\">\n                                    <div class=\"eael-grid-post-excerpt\"><p>Do., 21. August 2025, 15:00 &#8211; 16:00 Uhr Die Anwendung von KI in der Augenheilkunde birgt gro\u00dfe Chancen \u2013 von effizienter Diagnostik bis hin zur verbesserten Patientenversorgung. Doch was ist...<\/p><a\n                                        href=\"https:\/\/health-ai.de\/dev-site\/webinar-sehschaerfe-durch-datenkraft-kuenstliche-intelligenz-in-der-augenmedizin\/\"\n                                        class=\"eael-post-elements-readmore-btn\">weiterlesen<\/a><\/div>\n                                <\/div><\/div><\/div>\n        <\/div>\n    <\/article><article class=\"eael-grid-post eael-post-grid-column\" data-id=\"247479\">\n        <div class=\"eael-grid-post-holder\">\n            <div class=\"eael-grid-post-holder-inner\"><div class=\"eael-entry-wrapper\"><header class=\"eael-entry-header\"><h2 class=\"eael-entry-title\"><a\n                                    class=\"eael-grid-post-link\"\n                                    href=\"https:\/\/health-ai.de\/dev-site\/health-ai-academy-quantencomputing-die-geschwindigkeit-der-zukunft\/\"\n                                    title=\"Health.AI Academy: Quantencomputing, die Geschwindigkeit der Zukunft\">Health.AI Academy: Quantencomputing, die Geschwindigkeit der Zukunft<\/a><\/h2><\/header><div class=\"eael-entry-header-after style-two\"><div class=\"eael-entry-meta\"><span class=\"eael-posted-on eael-meta-posted-on\"><i class=\"far fa-clock\"><\/i><time datetime=\"29. Oktober 2024\">29. Oktober 2024<\/time><\/span><\/div><\/div><div class=\"eael-entry-content\">\n                                    <div class=\"eael-grid-post-excerpt\"><p>Health.AI Academy\u00a0 Online-Vortrag &#8211; Quantencomputing, die Geschwindigkeit der Zukunft Referent:innen Ariane Teymouri (Masterstudentin an der TU M\u00fcnchen \/\u00a0K8 Insitut f\u00fcr strategische \u00c4sthetik) Prof. Dr. Tobias Hartmann (Universit\u00e4t des Saarlandes) Liebes...<\/p><a\n                                        href=\"https:\/\/health-ai.de\/dev-site\/health-ai-academy-quantencomputing-die-geschwindigkeit-der-zukunft\/\"\n                                        class=\"eael-post-elements-readmore-btn\">weiterlesen<\/a><\/div>\n                                <\/div><\/div><\/div>\n        <\/div>\n    <\/article><article class=\"eael-grid-post eael-post-grid-column\" data-id=\"247317\">\n        <div class=\"eael-grid-post-holder\">\n            <div class=\"eael-grid-post-holder-inner\"><div class=\"eael-entry-wrapper\"><header class=\"eael-entry-header\"><h2 class=\"eael-entry-title\"><a\n                                    class=\"eael-grid-post-link\"\n                                    href=\"https:\/\/health-ai.de\/dev-site\/online-workshop-phasenwechsel\/\"\n                                    title=\"Online-Workshop Phasenwechsel\">Online-Workshop Phasenwechsel<\/a><\/h2><\/header><div class=\"eael-entry-header-after style-two\"><div class=\"eael-entry-meta\"><span class=\"eael-posted-on eael-meta-posted-on\"><i class=\"far fa-clock\"><\/i><time datetime=\"20. August 2024\">20. August 2024<\/time><\/span><\/div><\/div><div class=\"eael-entry-content\">\n                                    <div class=\"eael-grid-post-excerpt\"><p>Das Health.AI Netzwerk hat sich in den zur\u00fcckliegenden drei Jahren hervorragend entwickelt: wir z\u00e4hlen mittlerweile \u00fcber 150 Mitglieder aus allen Branchen und Gesellschaftsbereichen, die f\u00fcr unser Innovationsfeld \u201cKI und Gesundheit\u201d...<\/p><a\n                                        href=\"https:\/\/health-ai.de\/dev-site\/online-workshop-phasenwechsel\/\"\n                                        class=\"eael-post-elements-readmore-btn\">weiterlesen<\/a><\/div>\n                                <\/div><\/div><\/div>\n        <\/div>\n    <\/article><\/div>\n            <div class=\"clearfix\"><\/div>\n        <\/div>\t\t\t\t<\/div>\n\t\t\t\t<\/div>\n\t\t\t\t\t<\/div>\n\t\t<\/div>\n\t\t\t\t\t<\/div>\n\t\t<\/section>\n\t\t\t\t<\/div>\n\t\t","protected":false},"excerpt":{"rendered":"<p>Im Modul &#8222;Academy&#8220; des Health.AI Hubs wird der Austausch von (Fach-)Wissen und der Aufbau von (fachspezifischen) Kompetenzen gef\u00f6rdert. Die Academy ist eine Plattform f\u00fcr Schulungen, Workshops und andere Vermittlungsformate wie &#8230; <a title=\"Online-Workshop Phasenwechsel\" class=\"read-more\" href=\"https:\/\/health-ai.de\/dev-site\/online-workshop-phasenwechsel\/\" aria-label=\"Mehr zu Online-Workshop Phasenwechsel\">Weiterlesen &#8230;<\/a><\/p>\n","protected":false},"author":5,"featured_media":0,"parent":243822,"menu_order":1,"comment_status":"closed","ping_status":"closed","template":"","meta":{"footnotes":""},"class_list":["post-244578","page","type-page","status-publish","hentry","generate-columns","tablet-grid-50","mobile-grid-100","grid-parent","grid-33","no-featured-image-padding"],"_links":{"self":[{"href":"https:\/\/health-ai.de\/dev-site\/wp-json\/wp\/v2\/pages\/244578","targetHints":{"allow":["GET"]}}],"collection":[{"href":"https:\/\/health-ai.de\/dev-site\/wp-json\/wp\/v2\/pages"}],"about":[{"href":"https:\/\/health-ai.de\/dev-site\/wp-json\/wp\/v2\/types\/page"}],"author":[{"embeddable":true,"href":"https:\/\/health-ai.de\/dev-site\/wp-json\/wp\/v2\/users\/5"}],"replies":[{"embeddable":true,"href":"https:\/\/health-ai.de\/dev-site\/wp-json\/wp\/v2\/comments?post=244578"}],"version-history":[{"count":24,"href":"https:\/\/health-ai.de\/dev-site\/wp-json\/wp\/v2\/pages\/244578\/revisions"}],"predecessor-version":[{"id":247841,"href":"https:\/\/health-ai.de\/dev-site\/wp-json\/wp\/v2\/pages\/244578\/revisions\/247841"}],"up":[{"embeddable":true,"href":"https:\/\/health-ai.de\/dev-site\/wp-json\/wp\/v2\/pages\/243822"}],"wp:attachment":[{"href":"https:\/\/health-ai.de\/dev-site\/wp-json\/wp\/v2\/media?parent=244578"}],"curies":[{"name":"wp","href":"https:\/\/api.w.org\/{rel}","templated":true}]}}