{"id":244286,"date":"2023-05-15T17:50:24","date_gmt":"2023-05-15T15:50:24","guid":{"rendered":"https:\/\/health-ai.de\/?page_id=244286"},"modified":"2024-03-15T13:06:09","modified_gmt":"2024-03-15T12:06:09","slug":"eg","status":"publish","type":"page","link":"https:\/\/health-ai.de\/dev-site\/eg\/","title":{"rendered":"Health.AI eG"},"content":{"rendered":"\t\t<div data-elementor-type=\"wp-page\" data-elementor-id=\"244286\" class=\"elementor elementor-244286\">\n\t\t\t\t\t\t<section class=\"elementor-section elementor-top-section elementor-element elementor-element-d101a01 elementor-section-boxed elementor-section-height-default elementor-section-height-default\" data-id=\"d101a01\" data-element_type=\"section\">\n\t\t\t\t\t\t<div class=\"elementor-container elementor-column-gap-default\">\n\t\t\t\t\t<div class=\"elementor-column elementor-col-100 elementor-top-column elementor-element elementor-element-f490cd5\" data-id=\"f490cd5\" data-element_type=\"column\">\n\t\t\t<div class=\"elementor-widget-wrap elementor-element-populated\">\n\t\t\t\t\t\t<div class=\"elementor-element elementor-element-05e0911 elementor-widget elementor-widget-text-editor\" data-id=\"05e0911\" data-element_type=\"widget\" data-widget_type=\"text-editor.default\">\n\t\t\t\t<div class=\"elementor-widget-container\">\n\t\t\t\t\t\t\t\t\t<p>Der <a href=\"https:\/\/health-ai.de\/hub\/\" target=\"_blank\" rel=\"noopener\">Health.AI Hub<\/a> ist das Herz von Health.AI, die <strong>Health.AI eG<\/strong> wiederum ist das Skelett des Netzwerks und wird im Zuge des wachsenden Outputs der Netzwerkaktivit\u00e4ten die daf\u00fcr notwendigen Strukturen bilden.<\/p><p>Als Kooperative erm\u00f6glicht die Health.AI eG die Umsetzung eines<strong> innovativen Public-Private-Partnership-Modell<\/strong>, das die strategische Weiterentwicklung des Health.AI Netzwerks gew\u00e4hrleistet. Die Genossenschaft bietet Netzwerkmitgliedern den notwendigen rechtlichen Rahmen f\u00fcr eine gemeinsame \u00fcberregionale und internationale Au\u00dfendarstellung als pluralistischer Innovationsakteur, die partnerschaftliche Verwertung von Ergebnissen von F&amp;E-Aktivit\u00e4ten, den Aufbau und die gemeinsame Nutzung eines Datenpools und die Erweiterung und Vertiefung Daten- und KI-basierter F&amp;E-Aktivit\u00e4ten.\u00a0<\/p><p>Der Gesellschaftszweck der Genossenschaft ist darauf ausgerichtet, die Innovations- und Wirtschaftskraft ihrer Mitglieder durch gemeinschaftlichen Gesch\u00e4ftsbetrieb zu f\u00f6rdern. In der Genossenschaft aktive Netzwerkmitglieder k\u00f6nnen im Binnenverh\u00e4ltnis Leistungen austauschen sowie Rechte und Verpflichtungen, wie z.B. der Zugang zu Wissen und Infrastrukturen, Nutzungsrechte etc., innerhalb eines klaren rechtlichen Rahmens definieren. Die Genossenschaft f\u00f6rdert ihre Mitglieder durch den Aufbau gemeinschaftlich genutzter Ressourcen und Infrastrukturen, bietet Zugang zu spezifischem Fachwissen und Expertise, erm\u00f6glicht eine schlagkr\u00e4ftige \u00fcberregionale und internationale Vermarktung und entwickelt so ein KI-\u00d6kosystem mit klarem Rechtsrahmen, indem sich Spitzenforschung und Unternehmungsgeist optimal entfalten k\u00f6nnen.<\/p><p>Die Mitglieder der Genossenschaft legen gemeinsam und kollegial die Ziele fest welche Health.AI zuk\u00fcnftig verfolgen wird. Dabei hat jeder engagierte Partner das gleiche Stimmrecht.<\/p><p><a href=\"https:\/\/health-ai.de\/wp-content\/uploads\/2024\/03\/Health.AI_eG_14.6.2022_Satzung.pdf\" target=\"_blank\" rel=\"noopener\">Health.AI_eG_Satzung.pdf<\/a><\/p>\t\t\t\t\t\t\t\t<\/div>\n\t\t\t\t<\/div>\n\t\t\t\t\t<\/div>\n\t\t<\/div>\n\t\t\t\t\t<\/div>\n\t\t<\/section>\n\t\t\t\t<\/div>\n\t\t","protected":false},"excerpt":{"rendered":"<p>Der Health.AI Hub ist das Herz von Health.AI, die Health.AI eG wiederum ist das Skelett des Netzwerks und wird im Zuge des wachsenden Outputs der Netzwerkaktivit\u00e4ten die daf\u00fcr notwendigen Strukturen &#8230; <a title=\"Health.AI eG\" class=\"read-more\" href=\"https:\/\/health-ai.de\/dev-site\/eg\/\" aria-label=\"Mehr zu Health.AI eG\">Weiterlesen &#8230;<\/a><\/p>\n","protected":false},"author":5,"featured_media":0,"parent":0,"menu_order":23,"comment_status":"closed","ping_status":"closed","template":"","meta":{"footnotes":""},"class_list":{"0":"post-244286","1":"page","2":"type-page","3":"status-publish","5":"no-featured-image-padding"},"_links":{"self":[{"href":"https:\/\/health-ai.de\/dev-site\/wp-json\/wp\/v2\/pages\/244286","targetHints":{"allow":["GET"]}}],"collection":[{"href":"https:\/\/health-ai.de\/dev-site\/wp-json\/wp\/v2\/pages"}],"about":[{"href":"https:\/\/health-ai.de\/dev-site\/wp-json\/wp\/v2\/types\/page"}],"author":[{"embeddable":true,"href":"https:\/\/health-ai.de\/dev-site\/wp-json\/wp\/v2\/users\/5"}],"replies":[{"embeddable":true,"href":"https:\/\/health-ai.de\/dev-site\/wp-json\/wp\/v2\/comments?post=244286"}],"version-history":[{"count":32,"href":"https:\/\/health-ai.de\/dev-site\/wp-json\/wp\/v2\/pages\/244286\/revisions"}],"predecessor-version":[{"id":246876,"href":"https:\/\/health-ai.de\/dev-site\/wp-json\/wp\/v2\/pages\/244286\/revisions\/246876"}],"wp:attachment":[{"href":"https:\/\/health-ai.de\/dev-site\/wp-json\/wp\/v2\/media?parent=244286"}],"curies":[{"name":"wp","href":"https:\/\/api.w.org\/{rel}","templated":true}]}}