{"id":244280,"date":"2023-03-01T11:04:39","date_gmt":"2023-03-01T10:04:05","guid":{"rendered":"https:\/\/health-ai.de\/?page_id=244280"},"modified":"2023-09-20T12:08:08","modified_gmt":"2023-09-20T10:08:08","slug":"vision","status":"publish","type":"page","link":"https:\/\/health-ai.de\/dev-site\/vision\/","title":{"rendered":"Vision"},"content":{"rendered":"\t\t<div data-elementor-type=\"wp-page\" data-elementor-id=\"244280\" class=\"elementor elementor-244280\">\n\t\t\t\t\t\t<section class=\"elementor-section elementor-top-section elementor-element elementor-element-045b6e7 elementor-section-boxed elementor-section-height-default elementor-section-height-default\" data-id=\"045b6e7\" data-element_type=\"section\">\n\t\t\t\t\t\t<div class=\"elementor-container elementor-column-gap-default\">\n\t\t\t\t\t<div class=\"elementor-column elementor-col-100 elementor-top-column elementor-element elementor-element-5b17f5c\" data-id=\"5b17f5c\" data-element_type=\"column\">\n\t\t\t<div class=\"elementor-widget-wrap elementor-element-populated\">\n\t\t\t\t\t\t<div class=\"elementor-element elementor-element-86426ec elementor-hidden-desktop elementor-hidden-tablet elementor-widget elementor-widget-heading\" data-id=\"86426ec\" data-element_type=\"widget\" data-widget_type=\"heading.default\">\n\t\t\t\t<div class=\"elementor-widget-container\">\n\t\t\t\t\t<h1 class=\"elementor-heading-title elementor-size-default\">Health.AI erschlie\u00dft das Potential von k\u00fcnstlicher Intelligenz (KI) f\u00fcr gesundheitswirt-schaftliche Innovationsprozesse<\/h1>\t\t\t\t<\/div>\n\t\t\t\t<\/div>\n\t\t\t\t<div class=\"elementor-element elementor-element-6c89cb5 elementor-hidden-mobile elementor-widget elementor-widget-heading\" data-id=\"6c89cb5\" data-element_type=\"widget\" data-widget_type=\"heading.default\">\n\t\t\t\t<div class=\"elementor-widget-container\">\n\t\t\t\t\t<h1 class=\"elementor-heading-title elementor-size-default\">Health.AI erschlie\u00dft das Potential von k\u00fcnstlicher Intelligenz (KI) f\u00fcr gesundheitswirtschaftliche Innovationsprozesse\n<\/h1>\t\t\t\t<\/div>\n\t\t\t\t<\/div>\n\t\t\t\t<div class=\"elementor-element elementor-element-8bbf74a elementor-widget elementor-widget-text-editor\" data-id=\"8bbf74a\" data-element_type=\"widget\" data-widget_type=\"text-editor.default\">\n\t\t\t\t<div class=\"elementor-widget-container\">\n\t\t\t\t\t\t\t\t\t<p>Das multidisziplin\u00e4re Innovationsnetzwerk Health.AI will in seiner Kernregion, den drei strukturschwachen saarl\u00e4ndischen Landkreisen Saarlouis, Neunkirchen und Saarbr\u00fccken, sowie in Erweiterung der Innovationsregion auch in weiteren strukturschwachen Landkreisen Deutschlands, Innovationsimpulse setzen. Zielsetzung des Netzwerks ist die Entwicklung KI-gest\u00fctzter Produkte und Dienstleistungen auf der Basis von Standards in Datenethik, Datensicherheit und Datensouver\u00e4nit\u00e4t. Durch die Integration technischer und gesellschaftlicher Innovationen will Health.AI Strukturimpulse in der Region setzen und zur Verbesserung der Lebensqualit\u00e4t durch den Aufbau des Innovationsfeldes \u201eGesundheit (health) und k\u00fcnstliche Intelligenz (ai)\u201d beitragen. <br \/>Health.AI versteht Gesundheit nicht als Thema einer einzelnen Branche, sondern als \u00fcbergreifendes Thema, das Akteure und Ans\u00e4tze aus vielen Bereichen der Gesellschaft einbezieht (\u201ehealth-in-all-policies\u201c). Wir gestalten diesen Prozess daher gemeinsam mit Partnern aus Forschung, Wirtschaft, Politik und Zivilgesellschaft. So kann die Vielfalt der Bedarfe und Interessen in der Region effektiv zum Aufbau des definierten Innovationsfeldes beitragen.<br \/>Im Netzwerk verstehen wir KI in einem sehr breiten Sinne, da der Begriff f\u00fcr uns auch smarte Innovationen umfasst, einschlie\u00dflich anderer technischer, sozialer und gesellschaftlicher Innovationen, also generell f\u00fcr kollektive Intelligenz.<\/p>\t\t\t\t\t\t\t\t<\/div>\n\t\t\t\t<\/div>\n\t\t\t\t\t<\/div>\n\t\t<\/div>\n\t\t\t\t\t<\/div>\n\t\t<\/section>\n\t\t\t\t<section class=\"elementor-section elementor-top-section elementor-element elementor-element-e396acb elementor-section-boxed elementor-section-height-default elementor-section-height-default\" data-id=\"e396acb\" data-element_type=\"section\">\n\t\t\t\t\t\t<div class=\"elementor-container elementor-column-gap-default\">\n\t\t\t\t\t<div class=\"elementor-column elementor-col-100 elementor-top-column elementor-element elementor-element-b1bd79f\" data-id=\"b1bd79f\" data-element_type=\"column\">\n\t\t\t<div class=\"elementor-widget-wrap elementor-element-populated\">\n\t\t\t\t\t\t<div class=\"elementor-element elementor-element-bd4cf96 elementor-widget elementor-widget-spacer\" data-id=\"bd4cf96\" data-element_type=\"widget\" data-widget_type=\"spacer.default\">\n\t\t\t\t<div class=\"elementor-widget-container\">\n\t\t\t\t\t\t\t<div class=\"elementor-spacer\">\n\t\t\t<div class=\"elementor-spacer-inner\"><\/div>\n\t\t<\/div>\n\t\t\t\t\t\t<\/div>\n\t\t\t\t<\/div>\n\t\t\t\t\t<\/div>\n\t\t<\/div>\n\t\t\t\t\t<\/div>\n\t\t<\/section>\n\t\t\t\t<section class=\"elementor-section elementor-top-section elementor-element elementor-element-f743362 elementor-section-boxed elementor-section-height-default elementor-section-height-default\" data-id=\"f743362\" data-element_type=\"section\">\n\t\t\t\t\t\t<div class=\"elementor-container elementor-column-gap-default\">\n\t\t\t\t\t<div class=\"elementor-column elementor-col-100 elementor-top-column elementor-element elementor-element-0358a84\" data-id=\"0358a84\" data-element_type=\"column\">\n\t\t\t<div class=\"elementor-widget-wrap elementor-element-populated\">\n\t\t\t\t\t\t<div class=\"elementor-element elementor-element-17edb80 elementor-widget elementor-widget-heading\" data-id=\"17edb80\" data-element_type=\"widget\" data-widget_type=\"heading.default\">\n\t\t\t\t<div class=\"elementor-widget-container\">\n\t\t\t\t\t<h2 class=\"elementor-heading-title elementor-size-default\">Ziele des Vorhabens<\/h2>\t\t\t\t<\/div>\n\t\t\t\t<\/div>\n\t\t\t\t<section class=\"elementor-section elementor-inner-section elementor-element elementor-element-74d19d1 elementor-section-boxed elementor-section-height-default elementor-section-height-default\" data-id=\"74d19d1\" data-element_type=\"section\">\n\t\t\t\t\t\t<div class=\"elementor-container elementor-column-gap-default\">\n\t\t\t\t\t<div class=\"elementor-column elementor-col-50 elementor-inner-column elementor-element elementor-element-d5777da\" data-id=\"d5777da\" data-element_type=\"column\">\n\t\t\t<div class=\"elementor-widget-wrap elementor-element-populated\">\n\t\t\t\t\t\t<div class=\"elementor-element elementor-element-fde3d6e elementor-widget elementor-widget-text-editor\" data-id=\"fde3d6e\" data-element_type=\"widget\" data-widget_type=\"text-editor.default\">\n\t\t\t\t<div class=\"elementor-widget-container\">\n\t\t\t\t\t\t\t\t\t<p>1. Eine datenbasierte<strong> Individualisierung von Angeboten der Gesundheitsversorgung und \u2013vorsorge<\/strong> ist das zentrale Innovationsversprechen des Einsatzes von KI im Gesundheitskontext. Die privaten und \u00f6ffentlichen Innovationsakteure von Health.AI erforschen in Prototypingformaten\u00a0des <a href=\"https:\/\/health-ai.de\/hub\/\">Health.AI Hub<\/a> und in <a href=\"https:\/\/health-ai.de\/projekte\/\">F&amp;E-Projekten<\/a> die verschiedenen Dimensionen dieses Innovationsversprechen und entwickeln zukunftsweisende Produkte und Prozesse unter Ber\u00fccksichtigung von Ethik und Datensicherheit.<\/p>\t\t\t\t\t\t\t\t<\/div>\n\t\t\t\t<\/div>\n\t\t\t\t<div class=\"elementor-element elementor-element-85e7be4 elementor-widget elementor-widget-text-editor\" data-id=\"85e7be4\" data-element_type=\"widget\" data-widget_type=\"text-editor.default\">\n\t\t\t\t<div class=\"elementor-widget-container\">\n\t\t\t\t\t\t\t\t\t<p>2. In unserem Alltag erzeugen wir in den unterschiedlichen Lebenswelten und Sozialr\u00e4umen st\u00e4ndig Datenstr\u00f6me. Diese Datenstr\u00f6me erweitern die Rahmenbedingungen f\u00fcr Innovation, werfen aber auch neue Fragen der Selbstbestimmung auf. Ziel des Netzwerks ist es daher, durch neue Formen der Mitgestaltung dieser Datenr\u00e4ume neue, <strong>datenbasierte Wertsch\u00f6pfungsmodelle<\/strong> f\u00fcr eine digitale Gesellschaft zu erm\u00f6glichen.<\/p>\t\t\t\t\t\t\t\t<\/div>\n\t\t\t\t<\/div>\n\t\t\t\t\t<\/div>\n\t\t<\/div>\n\t\t\t\t<div class=\"elementor-column elementor-col-50 elementor-inner-column elementor-element elementor-element-20d6918\" data-id=\"20d6918\" data-element_type=\"column\">\n\t\t\t<div class=\"elementor-widget-wrap elementor-element-populated\">\n\t\t\t\t\t\t<div class=\"elementor-element elementor-element-4ecbb4f elementor-widget elementor-widget-image\" data-id=\"4ecbb4f\" data-element_type=\"widget\" data-widget_type=\"image.default\">\n\t\t\t\t<div class=\"elementor-widget-container\">\n\t\t\t\t\t\t\t\t\t\t\t\t\t\t\t<img fetchpriority=\"high\" decoding=\"async\" width=\"1024\" height=\"901\" src=\"https:\/\/health-ai.de\/dev-site\/wp-content\/uploads\/2023\/09\/Netzwerk-Health-AI_Zeichenflaeche-1-1024x901.png\" class=\"attachment-large size-large wp-image-245959\" alt=\"\" srcset=\"https:\/\/health-ai.de\/dev-site\/wp-content\/uploads\/2023\/09\/Netzwerk-Health-AI_Zeichenflaeche-1-1024x901.png 1024w, https:\/\/health-ai.de\/dev-site\/wp-content\/uploads\/2023\/09\/Netzwerk-Health-AI_Zeichenflaeche-1-300x264.png 300w, https:\/\/health-ai.de\/dev-site\/wp-content\/uploads\/2023\/09\/Netzwerk-Health-AI_Zeichenflaeche-1-150x132.png 150w, https:\/\/health-ai.de\/dev-site\/wp-content\/uploads\/2023\/09\/Netzwerk-Health-AI_Zeichenflaeche-1-768x675.png 768w, https:\/\/health-ai.de\/dev-site\/wp-content\/uploads\/2023\/09\/Netzwerk-Health-AI_Zeichenflaeche-1-1536x1351.png 1536w, https:\/\/health-ai.de\/dev-site\/wp-content\/uploads\/2023\/09\/Netzwerk-Health-AI_Zeichenflaeche-1-2048x1801.png 2048w\" sizes=\"(max-width: 1024px) 100vw, 1024px\" \/>\t\t\t\t\t\t\t\t\t\t\t\t\t\t\t<\/div>\n\t\t\t\t<\/div>\n\t\t\t\t\t<\/div>\n\t\t<\/div>\n\t\t\t\t\t<\/div>\n\t\t<\/section>\n\t\t\t\t<section class=\"elementor-section elementor-inner-section elementor-element elementor-element-e51a4a3 elementor-section-boxed elementor-section-height-default elementor-section-height-default\" data-id=\"e51a4a3\" data-element_type=\"section\">\n\t\t\t\t\t\t<div class=\"elementor-container elementor-column-gap-default\">\n\t\t\t\t\t<div class=\"elementor-column elementor-col-50 elementor-inner-column elementor-element elementor-element-8e97076\" data-id=\"8e97076\" data-element_type=\"column\">\n\t\t\t<div class=\"elementor-widget-wrap elementor-element-populated\">\n\t\t\t\t\t\t<div class=\"elementor-element elementor-element-46b3aa7 elementor-widget elementor-widget-image\" data-id=\"46b3aa7\" data-element_type=\"widget\" data-widget_type=\"image.default\">\n\t\t\t\t<div class=\"elementor-widget-container\">\n\t\t\t\t\t\t\t\t\t\t\t\t\t\t\t<img decoding=\"async\" width=\"1024\" height=\"1024\" src=\"https:\/\/health-ai.de\/dev-site\/wp-content\/uploads\/2023\/08\/JPK8_Netzwerken_Hub8_01.png\" class=\"attachment-large size-large wp-image-245143\" alt=\"\" srcset=\"https:\/\/health-ai.de\/dev-site\/wp-content\/uploads\/2023\/08\/JPK8_Netzwerken_Hub8_01.png 1024w, https:\/\/health-ai.de\/dev-site\/wp-content\/uploads\/2023\/08\/JPK8_Netzwerken_Hub8_01-300x300.png 300w, https:\/\/health-ai.de\/dev-site\/wp-content\/uploads\/2023\/08\/JPK8_Netzwerken_Hub8_01-150x150.png 150w, https:\/\/health-ai.de\/dev-site\/wp-content\/uploads\/2023\/08\/JPK8_Netzwerken_Hub8_01-768x768.png 768w, https:\/\/health-ai.de\/dev-site\/wp-content\/uploads\/2023\/08\/JPK8_Netzwerken_Hub8_01-980x980.png 980w, https:\/\/health-ai.de\/dev-site\/wp-content\/uploads\/2023\/08\/JPK8_Netzwerken_Hub8_01-480x480.png 480w\" sizes=\"(max-width: 1024px) 100vw, 1024px\" \/>\t\t\t\t\t\t\t\t\t\t\t\t\t\t\t<\/div>\n\t\t\t\t<\/div>\n\t\t\t\t\t<\/div>\n\t\t<\/div>\n\t\t\t\t<div class=\"elementor-column elementor-col-50 elementor-inner-column elementor-element elementor-element-df5d7e5\" data-id=\"df5d7e5\" data-element_type=\"column\">\n\t\t\t<div class=\"elementor-widget-wrap elementor-element-populated\">\n\t\t\t\t\t\t<div class=\"elementor-element elementor-element-3e6d0d4 elementor-widget elementor-widget-text-editor\" data-id=\"3e6d0d4\" data-element_type=\"widget\" data-widget_type=\"text-editor.default\">\n\t\t\t\t<div class=\"elementor-widget-container\">\n\t\t\t\t\t\t\t\t\t<p>3. Durch die Integration zivilgesellschaftlicher Ans\u00e4tze und Motivation neuer Innovationsakteure wird Gesundheit so zum Bezugspunkt einer<strong> umfassenden \u201cCross-Innovation\u201d-Dynamik<\/strong>. Health.AI versteht den neu entstehenden Datenraum nicht allein als technische Infrastruktur, sondern als Innovations-\u00d6kosystem. In diesem werden neben medizinischen Gesundheitsdaten auch weitere Lebensqualit\u00e4tsdaten erhoben und miteinander vernetzt.<\/p>\t\t\t\t\t\t\t\t<\/div>\n\t\t\t\t<\/div>\n\t\t\t\t<div class=\"elementor-element elementor-element-6bba528 elementor-widget elementor-widget-text-editor\" data-id=\"6bba528\" data-element_type=\"widget\" data-widget_type=\"text-editor.default\">\n\t\t\t\t<div class=\"elementor-widget-container\">\n\t\t\t\t\t\t\t\t\t<p>4. Das Netzwerk positioniert sich im Kontext des \u201e<strong>Datenraums Gesundheit<\/strong>\u201c, der aktuell auf nationaler und europ\u00e4ischer Ebene durch die zunehmende Verf\u00fcgbarkeit von Gesundheitsdaten entsteht. Relevante nationale und internationale Initiativen (z.B. das Cloud-Netzwerk GAIA-X) werden gezielt bei der <strong>Entwicklung einer eigenen Datenstrategie und dem Aufbau eines Datenpools <\/strong>innerhalb der <a href=\"https:\/\/health-ai.de\/eg\/\">Health.AI Genossenschaft<\/a> aufgegriffen.<\/p>\t\t\t\t\t\t\t\t<\/div>\n\t\t\t\t<\/div>\n\t\t\t\t\t<\/div>\n\t\t<\/div>\n\t\t\t\t\t<\/div>\n\t\t<\/section>\n\t\t\t\t<section class=\"elementor-section elementor-inner-section elementor-element elementor-element-02e4090 elementor-section-boxed elementor-section-height-default elementor-section-height-default\" data-id=\"02e4090\" data-element_type=\"section\">\n\t\t\t\t\t\t<div class=\"elementor-container elementor-column-gap-default\">\n\t\t\t\t\t<div class=\"elementor-column elementor-col-50 elementor-inner-column elementor-element elementor-element-1906d54\" data-id=\"1906d54\" data-element_type=\"column\">\n\t\t\t<div class=\"elementor-widget-wrap elementor-element-populated\">\n\t\t\t\t\t\t<div class=\"elementor-element elementor-element-7e5bfb8 elementor-widget elementor-widget-text-editor\" data-id=\"7e5bfb8\" data-element_type=\"widget\" data-widget_type=\"text-editor.default\">\n\t\t\t\t<div class=\"elementor-widget-container\">\n\t\t\t\t\t\t\t\t\t<p>5. Der sorgsame Umgang mit den Daten steht in direktem Zusammenhang mit der breiten <strong>Akzeptanz datenbasierter Innovationen<\/strong>. Ein solcher Fokus auf Ethik tr\u00e4gt daher direkt zum Erfolg dieser Produkte und Dienstleistungen bei. Datenm\u00fcndigkeit und digitale Souver\u00e4nit\u00e4t in Wissenstransfer- und Kompetenzaufbauformaten der <a href=\"https:\/\/health-ai.de\/hub\/#academy\">Health.AI Academy<\/a> spielen dabei eine zentrale Rolle.<\/p>\t\t\t\t\t\t\t\t<\/div>\n\t\t\t\t<\/div>\n\t\t\t\t<div class=\"elementor-element elementor-element-a7444b8 elementor-widget elementor-widget-text-editor\" data-id=\"a7444b8\" data-element_type=\"widget\" data-widget_type=\"text-editor.default\">\n\t\t\t\t<div class=\"elementor-widget-container\">\n\t\t\t\t\t\t\t\t\t<p>6. <strong>Hemmnisse <\/strong>erkennen und Beseitigen, notwendige <strong>Expertise <\/strong>identifizieren und Projekten in Form weiterer <a href=\"https:\/\/health-ai.de\/mitglieder\/\">Partner<\/a> und Netzwerkmitglieder zur Verf\u00fcgung stellen. Auf dem Weg von der Idee \u00fcber das Projekt zum Produkt stellt sich schnell heraus, dass Expertise ben\u00f6tigt wird welche im eigenen Haus nicht vorhanden ist. Oft kommen rechtliche und ethische Fragestellungen hinzu und erzeugen un\u00fcberwindlich erscheinende Probleme. Health.AI unterst\u00fctzt in der Lokalisierung notwendiger Expertise und bietet mit dem Recht &amp; Ethik-Projekt breit ausgelegte Unterst\u00fctzung an.<\/p>\t\t\t\t\t\t\t\t<\/div>\n\t\t\t\t<\/div>\n\t\t\t\t\t<\/div>\n\t\t<\/div>\n\t\t\t\t<div class=\"elementor-column elementor-col-50 elementor-inner-column elementor-element elementor-element-716c9fe\" data-id=\"716c9fe\" data-element_type=\"column\">\n\t\t\t<div class=\"elementor-widget-wrap elementor-element-populated\">\n\t\t\t\t\t\t<div class=\"elementor-element elementor-element-75e2dc0 elementor-widget elementor-widget-image\" data-id=\"75e2dc0\" data-element_type=\"widget\" data-widget_type=\"image.default\">\n\t\t\t\t<div class=\"elementor-widget-container\">\n\t\t\t\t\t\t\t\t\t\t\t\t\t\t\t\t<a href=\"https:\/\/health-ai.de\/dev-site\/wp-content\/uploads\/2023\/09\/Model-Gesundheitswirtschaft_06-09-2023_oBG_Zeichenflaeche-1.png\" data-elementor-open-lightbox=\"yes\" data-elementor-lightbox-title=\"Model-Gesundheitswirtschaft_06-09-2023_oBG_Zeichenfl\u00e4che 1\" data-e-action-hash=\"#elementor-action%3Aaction%3Dlightbox%26settings%3DeyJpZCI6MjQ2MDE4LCJ1cmwiOiJodHRwczpcL1wvaGVhbHRoLWFpLmRlXC9kZXYtc2l0ZVwvd3AtY29udGVudFwvdXBsb2Fkc1wvMjAyM1wvMDlcL01vZGVsLUdlc3VuZGhlaXRzd2lydHNjaGFmdF8wNi0wOS0yMDIzX29CR19aZWljaGVuZmxhZWNoZS0xLnBuZyJ9\">\n\t\t\t\t\t\t\t<img decoding=\"async\" width=\"724\" height=\"1024\" src=\"https:\/\/health-ai.de\/dev-site\/wp-content\/uploads\/2023\/09\/Model-Gesundheitswirtschaft_06-09-2023_oBG_Zeichenflaeche-1-724x1024.png\" class=\"attachment-large size-large wp-image-246018\" alt=\"\" srcset=\"https:\/\/health-ai.de\/dev-site\/wp-content\/uploads\/2023\/09\/Model-Gesundheitswirtschaft_06-09-2023_oBG_Zeichenflaeche-1-724x1024.png 724w, https:\/\/health-ai.de\/dev-site\/wp-content\/uploads\/2023\/09\/Model-Gesundheitswirtschaft_06-09-2023_oBG_Zeichenflaeche-1-212x300.png 212w, https:\/\/health-ai.de\/dev-site\/wp-content\/uploads\/2023\/09\/Model-Gesundheitswirtschaft_06-09-2023_oBG_Zeichenflaeche-1-106x150.png 106w, https:\/\/health-ai.de\/dev-site\/wp-content\/uploads\/2023\/09\/Model-Gesundheitswirtschaft_06-09-2023_oBG_Zeichenflaeche-1-768x1086.png 768w, https:\/\/health-ai.de\/dev-site\/wp-content\/uploads\/2023\/09\/Model-Gesundheitswirtschaft_06-09-2023_oBG_Zeichenflaeche-1-1086x1536.png 1086w, https:\/\/health-ai.de\/dev-site\/wp-content\/uploads\/2023\/09\/Model-Gesundheitswirtschaft_06-09-2023_oBG_Zeichenflaeche-1-1448x2048.png 1448w\" sizes=\"(max-width: 724px) 100vw, 724px\" \/>\t\t\t\t\t\t\t\t<\/a>\n\t\t\t\t\t\t\t\t\t\t\t\t\t\t\t<\/div>\n\t\t\t\t<\/div>\n\t\t\t\t\t<\/div>\n\t\t<\/div>\n\t\t\t\t\t<\/div>\n\t\t<\/section>\n\t\t\t\t\t<\/div>\n\t\t<\/div>\n\t\t\t\t\t<\/div>\n\t\t<\/section>\n\t\t\t\t<\/div>\n\t\t","protected":false},"excerpt":{"rendered":"<p>Health.AI erschlie\u00dft das Potential von k\u00fcnstlicher Intelligenz (KI) f\u00fcr gesundheitswirt-schaftliche Innovationsprozesse Health.AI erschlie\u00dft das Potential von k\u00fcnstlicher Intelligenz (KI) f\u00fcr gesundheitswirtschaftliche Innovationsprozesse Das multidisziplin\u00e4re Innovationsnetzwerk Health.AI will in seiner Kernregion, &#8230; <a title=\"Vision\" class=\"read-more\" href=\"https:\/\/health-ai.de\/dev-site\/vision\/\" aria-label=\"Mehr zu Vision\">Weiterlesen &#8230;<\/a><\/p>\n","protected":false},"author":5,"featured_media":241691,"parent":0,"menu_order":20,"comment_status":"closed","ping_status":"closed","template":"","meta":{"footnotes":""},"class_list":{"0":"post-244280","1":"page","2":"type-page","3":"status-publish","4":"has-post-thumbnail","6":"no-featured-image-padding"},"_links":{"self":[{"href":"https:\/\/health-ai.de\/dev-site\/wp-json\/wp\/v2\/pages\/244280","targetHints":{"allow":["GET"]}}],"collection":[{"href":"https:\/\/health-ai.de\/dev-site\/wp-json\/wp\/v2\/pages"}],"about":[{"href":"https:\/\/health-ai.de\/dev-site\/wp-json\/wp\/v2\/types\/page"}],"author":[{"embeddable":true,"href":"https:\/\/health-ai.de\/dev-site\/wp-json\/wp\/v2\/users\/5"}],"replies":[{"embeddable":true,"href":"https:\/\/health-ai.de\/dev-site\/wp-json\/wp\/v2\/comments?post=244280"}],"version-history":[{"count":49,"href":"https:\/\/health-ai.de\/dev-site\/wp-json\/wp\/v2\/pages\/244280\/revisions"}],"predecessor-version":[{"id":246433,"href":"https:\/\/health-ai.de\/dev-site\/wp-json\/wp\/v2\/pages\/244280\/revisions\/246433"}],"wp:featuredmedia":[{"embeddable":true,"href":"https:\/\/health-ai.de\/dev-site\/wp-json\/wp\/v2\/media\/241691"}],"wp:attachment":[{"href":"https:\/\/health-ai.de\/dev-site\/wp-json\/wp\/v2\/media?parent=244280"}],"curies":[{"name":"wp","href":"https:\/\/api.w.org\/{rel}","templated":true}]}}