{"id":244030,"date":"2022-07-12T16:37:36","date_gmt":"2022-07-12T14:37:36","guid":{"rendered":"https:\/\/health-ai.de\/?page_id=244030"},"modified":"2024-07-09T11:33:55","modified_gmt":"2024-07-09T09:33:55","slug":"beirat","status":"publish","type":"page","link":"https:\/\/health-ai.de\/dev-site\/beirat\/","title":{"rendered":"Beirat"},"content":{"rendered":"\t\t<div data-elementor-type=\"wp-page\" data-elementor-id=\"244030\" class=\"elementor elementor-244030\">\n\t\t\t\t\t\t<section class=\"elementor-section elementor-top-section elementor-element elementor-element-dfccaa8 elementor-section-boxed elementor-section-height-default elementor-section-height-default\" data-id=\"dfccaa8\" data-element_type=\"section\">\n\t\t\t\t\t\t<div class=\"elementor-container elementor-column-gap-default\">\n\t\t\t\t\t<div class=\"elementor-column elementor-col-100 elementor-top-column elementor-element elementor-element-360bfa8\" data-id=\"360bfa8\" data-element_type=\"column\">\n\t\t\t<div class=\"elementor-widget-wrap elementor-element-populated\">\n\t\t\t\t\t\t<div class=\"elementor-element elementor-element-778930a elementor-widget elementor-widget-text-editor\" data-id=\"778930a\" data-element_type=\"widget\" data-widget_type=\"text-editor.default\">\n\t\t\t\t<div class=\"elementor-widget-container\">\n\t\t\t\t\t\t\t\t\t<div><div><div><div><p>Der Beirat von Health.AI besteht momentan aus folgenden Personen:<\/p><p><strong><br \/><\/strong><a style=\"background-color: rgba(255, 255, 255, 0);\" href=\"https:\/\/www.zbmed.de\/kontakt\/juliane-fluck\" target=\"_blank\" rel=\"nofollow noopener\"><strong>Prof. Dr. Juliane Fluck<\/strong><\/a><span style=\"background-color: rgba(255, 255, 255, 0); color: var(--contrast-2);\">\u00a0ist Professorin f\u00fcr Informationsmanagement an der Universit\u00e4t Bonn und leitet gleichzeitig bei ZB MED \u2013 Informationszentrum Lebenswissenschaften den Programmbereich Wissensmanagement. Sie forscht und entwickelt L\u00f6sungen, um Daten, Information und Wissen mit maschinenlesbaren Standards auffindbar und analysierbar zu machen. Seit Oktober 2020 leitet sie das NFDI4Health Konsortium zum Aufbau der nationalen Infrastruktur f\u00fcr personenbezogene Gesundheitsdaten.<\/span><strong><br \/><\/strong><\/p><\/div><\/div><\/div><\/div><div><div><div><div><p><a href=\"https:\/\/www.uni-saarland.de\/fakultaet-hw\/dietrich\/professur\/honorarprofessor-dr-martin-dietrich.html\" target=\"_blank\" rel=\"nofollow noopener\"><strong>Prof. Dr. Martin Dietrich<\/strong><\/a>\u00a0<span style=\"background-color: rgba(255, 255, 255, 0);\">arbeitet seit 2023 im Bundesministerium f\u00fcr Gesundheit in Abteilung 5, Digitalisierung und Innovation und leitet dort das Referat 531, Innovationsfonds und Zukunftsregion digitale Gesundheit. Davor war er von 2021 bis 2023 kommissarischer Direktor der BZgA und von 2022 bis 2023 zudem Pr\u00e4sident von EuroHealthNet in Br\u00fcssel. Ebenso besch\u00e4ftigt er sich mit evidenzbasierter Pr\u00e4vention und Gesundheitsf\u00f6rderung; als Honorarprofessor an der Universit\u00e4t des Saarlandes f\u00fcr Management des Gesundheitswesens forscht er u.a. zu Innovation, Kooperation und Vernetzung im Gesundheitswesen unter besonderer Ber\u00fccksichtigung gesch\u00e4ftsmodell-basierter Ans\u00e4tze sowie zu stakeholderorientierten Innovationsprozessen.<\/span><\/p><p><a style=\"background-color: rgba(255, 255, 255, 0);\" href=\"https:\/\/www.bagso.de\/die-bagso\/vorstand\/regina-goerner\/\" target=\"_blank\" rel=\"nofollow noopener\"><strong>Dr. Regina G\u00f6rner<\/strong><\/a><span style=\"background-color: rgba(255, 255, 255, 0); color: var(--contrast-2);\">, die fr\u00fchere Gesundheits- und Sozialministerin des Saarlandes, geh\u00f6rt seit 2015 dem Vorstand der BAGSO an, deren Fachkommission \u201cDigitalisierung\u201d sie gemeinsam mit Heidrun Mollenkopf leitete. Seit Dezember 2021 steht sie an der Spitze des BAGSO-Vorstandes. Bis zu ihrem Ausscheiden aus dem Berufsleben war sie als gesch\u00e4ftsf\u00fchrendes Vorstandsmitglied von DGB und IG Metall t\u00e4tig.<\/span><\/p><\/div><\/div><\/div><\/div><div><div><div><div><p><a href=\"https:\/\/www.isi.fraunhofer.de\/de\/competence-center\/neue-technologien\/mitarbeiter\/heyen.html\" target=\"_blank\" rel=\"nofollow noopener\"><strong>Dr. Nils Heyen<\/strong><\/a> ist Soziologe und Koordinator f\u00fcr Technikfolgenabsch\u00e4tzung am Fraunhofer-Institut f\u00fcr System- und Innovationsforschung ISI in Karlsruhe. Mit der ZEIG-Analyse hat er ein Evaluationstool f\u00fcr Innovationen im Gesundheitswesen entwickelt, das auch bei der Einf\u00fchrung KI-gest\u00fctzter Versorgungsprozesse eingesetzt werden kann. Von 2023 bis 2025 ist er zudem Vertretungsprofessor f\u00fcr sozio\u00f6konomische Innovationsgestaltung an der Hochschule Darmstadt.<\/p><\/div><\/div><\/div><\/div><div><div><div><div><p><a href=\"https:\/\/de.linkedin.com\/in\/dr-h-c-helmut-hildebrandt-b4779644?original_referer=https%3A%2F%2Fwww.google.de%2F\" target=\"_blank\" rel=\"nofollow noopener\"><strong>Dr. h.c. Helmut Hildebrandt<\/strong><\/a>\u00a0hat mit dem Gesunden Kinzigtal ein Leuchtturmprojekt der integrierten Versorgung in Europa etabliert und f\u00fcr die WHO als Temporary Advisor an Pr\u00e4ventionsprojekten wie \u201eHealthy Cities\u201c und \u201eHealth Promoting Hospitals\u201c gearbeitet. Er betreut heute mit der OptiMedis AG mehrere Gesundheitsregionen in Deutschland und benachbarten L\u00e4ndern bei der Entwicklung von nachhaltigen, auch digital unterst\u00fctzten neuen Versorgungsstrukturen und der Verbesserung des Gesundheitsstatus der Bev\u00f6lkerung. In diesem Kontext kann er auf ein umfangreiches Knowhow an Forschungsprojekten f\u00fcr die EU, die OECD und das BMG zur\u00fcckgreifen.<\/p><\/div><\/div><\/div><\/div><div><div><div><div><p><b style=\"background-color: rgba(255, 255, 255, 0); color: var(--contrast-2);\"><a href=\"https:\/\/inno-tdg.de\/team\/karsten-schwarz\/\">Dr. Karsten Schwarz<\/a>\u00a0<\/b><span style=\"color: var(--contrast-2); background-color: rgba(255, 255, 255, 0);\">promovierte<\/span><span style=\"color: var(--contrast-2); background-color: rgba(255, 255, 255, 0);\">\u00a0n<\/span><span style=\"color: var(--contrast-2); background-color: rgba(255, 255, 255, 0);\">ach dem Studium der Wirtschaftsinformatik zum Thema: Ein datengetriebenes System auf Basis klinischer Pfade zur Entscheidungsunterst\u00fctzung f\u00fcr Ressourcenplanung in Krankenh\u00e4usern: Prozess-Mining, Optimierung und Simulation. Von 10\/2016 bis 31.12.2019 arbeitete er im Projekt FORMAT wo er ein Zukunftslabor f\u00fcr Pflege aufbaute und Schulungsmodule zur Sensibilisierung f\u00fcr assistive Technologien in einem interdisziplin\u00e4ren Team aus Pflege, Medizin und Informatik entwickelten. Im Rahmen seiner T\u00e4tigkeit f\u00fcr das FORMAT Projekt hat er an einer Vielzahl von F\u00f6rderantr\u00e4gen mitgewirkt und ein breites Netzwerk in Wirtschaft, Wissenschaft und Gesellschaft aufgebaut. Bisher der gr\u00f6\u00dfte Erfolg der Antragst\u00e4tigkeit ist das Einwerben der WIR!-F\u00f6rderung f\u00fcr die Translationsregion f\u00fcr digitalisierte Gesundheitsversorgung.<\/span><\/p><\/div><\/div><\/div><\/div>\t\t\t\t\t\t\t\t<\/div>\n\t\t\t\t<\/div>\n\t\t\t\t\t<\/div>\n\t\t<\/div>\n\t\t\t\t\t<\/div>\n\t\t<\/section>\n\t\t\t\t<\/div>\n\t\t","protected":false},"excerpt":{"rendered":"<p>Der Beirat von Health.AI besteht momentan aus folgenden Personen: Prof. Dr. Juliane Fluck\u00a0ist Professorin f\u00fcr Informationsmanagement an der Universit\u00e4t Bonn und leitet gleichzeitig bei ZB MED \u2013 Informationszentrum Lebenswissenschaften den &#8230; <a title=\"Beirat\" class=\"read-more\" href=\"https:\/\/health-ai.de\/dev-site\/beirat\/\" aria-label=\"Mehr zu Beirat\">Weiterlesen &#8230;<\/a><\/p>\n","protected":false},"author":3,"featured_media":0,"parent":0,"menu_order":10,"comment_status":"closed","ping_status":"closed","template":"","meta":{"footnotes":""},"class_list":{"0":"post-244030","1":"page","2":"type-page","3":"status-publish","5":"no-featured-image-padding"},"_links":{"self":[{"href":"https:\/\/health-ai.de\/dev-site\/wp-json\/wp\/v2\/pages\/244030","targetHints":{"allow":["GET"]}}],"collection":[{"href":"https:\/\/health-ai.de\/dev-site\/wp-json\/wp\/v2\/pages"}],"about":[{"href":"https:\/\/health-ai.de\/dev-site\/wp-json\/wp\/v2\/types\/page"}],"author":[{"embeddable":true,"href":"https:\/\/health-ai.de\/dev-site\/wp-json\/wp\/v2\/users\/3"}],"replies":[{"embeddable":true,"href":"https:\/\/health-ai.de\/dev-site\/wp-json\/wp\/v2\/comments?post=244030"}],"version-history":[{"count":46,"href":"https:\/\/health-ai.de\/dev-site\/wp-json\/wp\/v2\/pages\/244030\/revisions"}],"predecessor-version":[{"id":247219,"href":"https:\/\/health-ai.de\/dev-site\/wp-json\/wp\/v2\/pages\/244030\/revisions\/247219"}],"wp:attachment":[{"href":"https:\/\/health-ai.de\/dev-site\/wp-json\/wp\/v2\/media?parent=244030"}],"curies":[{"name":"wp","href":"https:\/\/api.w.org\/{rel}","templated":true}]}}