{"id":243822,"date":"2022-03-31T15:25:28","date_gmt":"2022-03-31T13:25:28","guid":{"rendered":"https:\/\/health-ai.de\/?page_id=243822"},"modified":"2025-09-23T11:02:52","modified_gmt":"2025-09-23T09:02:52","slug":"hub","status":"publish","type":"page","link":"https:\/\/health-ai.de\/dev-site\/hub\/","title":{"rendered":"Health.AI Hub"},"content":{"rendered":"\t\t<div data-elementor-type=\"wp-page\" data-elementor-id=\"243822\" class=\"elementor elementor-243822\">\n\t\t\t\t\t\t<section class=\"elementor-section elementor-top-section elementor-element elementor-element-9a37f08 elementor-section-boxed elementor-section-height-default elementor-section-height-default\" data-id=\"9a37f08\" data-element_type=\"section\">\n\t\t\t\t\t\t<div class=\"elementor-container elementor-column-gap-default\">\n\t\t\t\t\t<div class=\"elementor-column elementor-col-100 elementor-top-column elementor-element elementor-element-7c8d9df\" data-id=\"7c8d9df\" data-element_type=\"column\">\n\t\t\t<div class=\"elementor-widget-wrap elementor-element-populated\">\n\t\t\t\t\t\t<div class=\"elementor-element elementor-element-b5ed874 elementor-widget elementor-widget-text-editor\" data-id=\"b5ed874\" data-element_type=\"widget\" data-widget_type=\"text-editor.default\">\n\t\t\t\t<div class=\"elementor-widget-container\">\n\t\t\t\t\t\t\t\t\t<p>Health.AI ist ein regionales Innovations\u00f6kosystems, das die Vielfalt der Akteure und die Komplexit\u00e4t des regionalen Gesundheitswesens ber\u00fccksichtigt. Der Health.AI Hub schafft dazu Experimentierr\u00e4ume (physisch und virtuell), die den Netzwerkmitgliedern die M\u00f6glichkeit zum interdisziplin\u00e4ren Austausch \u00fcber Zukunftstrends bieten (Zukunftskonferenz), die Weitergabe von Wissen erm\u00f6glichen (Academy), Kompetenzen und Infrastrukturen teilen (Reallabore) und einen Rahmen daf\u00fcr bieten, direkt in die Entwicklung von innovativen Ideen, Produkten und Dienstleistungen einzusteigen (Prototyping).<\/p>\t\t\t\t\t\t\t\t<\/div>\n\t\t\t\t<\/div>\n\t\t\t\t\t<\/div>\n\t\t<\/div>\n\t\t\t\t\t<\/div>\n\t\t<\/section>\n\t\t\t\t<section class=\"elementor-section elementor-top-section elementor-element elementor-element-64f2445 elementor-section-boxed elementor-section-height-default elementor-section-height-default\" data-id=\"64f2445\" data-element_type=\"section\">\n\t\t\t\t\t\t<div class=\"elementor-container elementor-column-gap-default\">\n\t\t\t\t\t<div class=\"elementor-column elementor-col-100 elementor-top-column elementor-element elementor-element-7c7712f\" data-id=\"7c7712f\" data-element_type=\"column\">\n\t\t\t<div class=\"elementor-widget-wrap elementor-element-populated\">\n\t\t\t\t\t\t<div class=\"elementor-element elementor-element-78219eb elementor-widget elementor-widget-spacer\" data-id=\"78219eb\" data-element_type=\"widget\" data-widget_type=\"spacer.default\">\n\t\t\t\t<div class=\"elementor-widget-container\">\n\t\t\t\t\t\t\t<div class=\"elementor-spacer\">\n\t\t\t<div class=\"elementor-spacer-inner\"><\/div>\n\t\t<\/div>\n\t\t\t\t\t\t<\/div>\n\t\t\t\t<\/div>\n\t\t\t\t<div class=\"elementor-element elementor-element-8407f09 elementor-widget elementor-widget-eael-adv-tabs\" data-id=\"8407f09\" data-element_type=\"widget\" data-widget_type=\"eael-adv-tabs.default\">\n\t\t\t\t<div class=\"elementor-widget-container\">\n\t\t\t\t\t        <div id=\"eael-advance-tabs-8407f09\" class=\"eael-advance-tabs eael-tabs-horizontal eael-tab-auto-active \" data-tabid=\"8407f09\">\n            <div class=\"eael-tabs-nav\">\n                <ul class=\"eael-tab-top-icon\">\n                                            <li id=\"reallabore\" class=\"inactive eael-tab-item-trigger\" aria-selected=\"true\" data-tab=\"1\" role=\"tab\" tabindex=\"0\" aria-controls=\"reallabore-tab\" aria-expanded=\"false\">\n                            \n                                                                <img decoding=\"async\" src=\"https:\/\/health-ai.de\/wp-content\/uploads\/2024\/05\/Reallabor-Musterwohnung2.png\" alt=\"\">\n                                                            \n                            \n                                                            <span class=\"eael-tab-title  title-after-icon\">Reallabore<\/span>                                                    <\/li>\n                                            <li id=\"academy\" class=\"inactive eael-tab-item-trigger\" aria-selected=\"false\" data-tab=\"2\" role=\"tab\" tabindex=\"-1\" aria-controls=\"academy-tab\" aria-expanded=\"false\">\n                            \n                                                                <img decoding=\"async\" src=\"https:\/\/health-ai.de\/wp-content\/uploads\/2024\/05\/academy.png\" alt=\"\">\n                                                            \n                            \n                                                            <span class=\"eael-tab-title  title-after-icon\">Academy<\/span>                                                    <\/li>\n                                            <li id=\"prototyping\" class=\"inactive eael-tab-item-trigger\" aria-selected=\"false\" data-tab=\"3\" role=\"tab\" tabindex=\"-1\" aria-controls=\"prototyping-tab\" aria-expanded=\"false\">\n                            \n                                                                <img decoding=\"async\" src=\"https:\/\/health-ai.de\/wp-content\/uploads\/2024\/05\/Reallabor.png\" alt=\"\">\n                                                            \n                            \n                                                            <span class=\"eael-tab-title  title-after-icon\">Prototyping\u200b<\/span>                                                    <\/li>\n                                            <li id=\"zukunftskonferenz\" class=\"inactive eael-tab-item-trigger\" aria-selected=\"false\" data-tab=\"4\" role=\"tab\" tabindex=\"-1\" aria-controls=\"zukunftskonferenz-tab\" aria-expanded=\"false\">\n                            \n                                                                <img decoding=\"async\" src=\"https:\/\/health-ai.de\/wp-content\/uploads\/2024\/05\/JPK8_Netzwerken_Hub.png\" alt=\"\">\n                                                            \n                            \n                                                            <span class=\"eael-tab-title  title-after-icon\">Zukunftskonferenz<\/span>                                                    <\/li>\n                                    <\/ul>\n            <\/div>\n            \n            <div class=\"eael-tabs-content\">\n\t\t        \n                    <div id=\"reallabore-tab\" class=\"clearfix eael-tab-content-item inactive\" data-title-link=\"reallabore-tab\">\n\t\t\t\t        \t\t\t\t\t        <p>Das Health.AI-Netzwerk baut auf der Vielseitigkeit der beteiligten Partner auf, will zur gemeinsamen Nutzung von Orten, Werkzeugen und Verfahrenstechniken anregen und zur Weitergabe von Wissen motivieren. <a href=\"https:\/\/health-ai.de\/hub\/reallabore\/\">Reallabore<\/a> sind multidisziplin\u00e4re Forschungsumgebungen, die es erm\u00f6glichen, komplexe soziale, technologische und \u00f6kologische Systeme in realen Settings zu gestalten, zu untersuchen und zu testen. Auch Musterwohnungen und Coworking-Spaces geh\u00f6ren dazu. Die sich im Aufbau befindliche Reallabor-Datenbank von Health.AI enth\u00e4lt Informationen \u00fcber die im Netzwerk vorhandenen Reallabore, Infrastrukturen und Kompetenzen.<\/p><p>Sollten Sie oder Ihre Institution ein Reallabor betreiben oder \u00fcber gemeinsam nutzbare Infrastrukturen verf\u00fcgen, w\u00fcrden wir uns freuen, diese\/s in unsere Datenbank aufzunehmen. Hier finden Sie die Eingabemaske: <a href=\"https:\/\/health-ai.de\/hub\/reallabore\/\">https:\/\/health-ai.de\/hub\/reallabore\/<\/a><\/p>\t\t\t\t                            <\/div>\n\t\t        \n                    <div id=\"academy-tab\" class=\"clearfix eael-tab-content-item inactive\" data-title-link=\"academy-tab\">\n\t\t\t\t        \t\t\t\t\t        <p>Im Modul \"<a href=\"https:\/\/health-ai.de\/hub\/academy\/\">Academy<\/a>\" des Health.AI Hubs wird der Austausch von (Fach-)Wissen und der Aufbau von (fachspezifischen) Kompetenzen gef\u00f6rdert. Die Academy ist eine Plattform f\u00fcr Schulungen, Workshops und andere Vermittlungsformate wie learning journeys, die von Netzwerkmitgliedern f\u00fcr Netzwerkmitglieder angeboten werden. Das Ziel ist es, grundlegende Kenntnisse \u00fcber und ein gemeinsames Verst\u00e4ndnis von branchen- und bereichsspezifische Vorgehensweisen, Prozessen und Voraussetzungen zu schaffen, um so bedarfsgerechte und praxisorientierte Ideen und L\u00f6sungsans\u00e4tze f\u00fcr das regionale Gesundheitswesen zu entwickeln. Durch gemeinsames Lernen und die unmittelbare Anwendung neu erworbenen Wissens sollen Synergien identifiziert und die Voraussetzung f\u00fcr die Entwicklung realistischer Umsetzungsszenarien geschaffen werden. So werden Qualit\u00e4t und Erfolgschancen der F&amp;E-Aktivit\u00e4ten innerhalb von Health.AI verbessert.<\/p>\t\t\t\t                            <\/div>\n\t\t        \n                    <div id=\"prototyping-tab\" class=\"clearfix eael-tab-content-item inactive\" data-title-link=\"prototyping-tab\">\n\t\t\t\t        \t\t\t\t\t        <p>Das Modul \"<a href=\"https:\/\/health-ai.de\/hub\/prototyping\/\">Prototyping<\/a>\" im Health.AI Hub bietet den Netzwerkmitgliedern die M\u00f6glichkeit, direkt in die iterative\u00a0 Entwicklung von innovativen Produkten und Dienstleistungen einzusteigen. Im Rahmen von Prototyping-Prozessen k\u00f6nnen die Mitglieder ihre Ideen in einem experimentellen\u00a0 Rahmen schnell und effektiv testen und verfeinern, um aufbauend auf den entstehenden Minimal Viable Products (MVP) gemeinsame F&amp;E-Projekte zu konzipieren und umzusetzen. Innerhalb des Moduls wird au\u00dferdem angestrebt, bei Netzwerkmitgliedern vorhandene Infrastrukturen zu vernetzen und so vielf\u00e4ltige Experimentierorte an verschiedenen Standorten erg\u00e4nzend zu den zentralen Prototypingm\u00f6glichkeiten im co:hub66 f\u00fcr Netzwerkaktivit\u00e4ten zug\u00e4nglich zu machen.<\/p><p><strong>Wie kann das gemeinsame Prototyping im Rahmen von Health.AI<\/strong><strong> aussehen?<\/strong><\/p><ol><li>Problemidentifikation<\/li><li>Ideenentwicklung<\/li><li>Erste Prototypenkonzeption<\/li><li><span style=\"color: #999999;\">Validierung und Machbarkeitspr\u00fcfung<\/span><\/li><li><span style=\"color: #999999;\">Projektantragstellung<\/span><\/li><\/ol>\t\t\t\t                            <\/div>\n\t\t        \n                    <div id=\"zukunftskonferenz-tab\" class=\"clearfix eael-tab-content-item inactive\" data-title-link=\"zukunftskonferenz-tab\">\n\t\t\t\t        \t\t\t\t\t        <p>Die <a href=\"https:\/\/health-ai.de\/zukunftskonferenz-2024\/\">Zukunftskonferenz<\/a> im Health.AI Hub hat das Ziel, sowohl fachspezifische als auch fach\u00fcbergreifende Zukunftstrends zu erkunden und aus ihnen abzuleiten, wie zuk\u00fcnftige Herausforderungen durch bereits heute entwickelte Ans\u00e4tze adressiert werden k\u00f6nnen. Durch die gezielte Zusammenarbeit von verschiedenen Fachrichtungen zur Identifikation von zuk\u00fcnftigen Entwicklungen und ihren Auswirkungen k\u00f6nnen komplexe Problemstellungen interdisziplin\u00e4r angegangen und vielschichtige, systemisch ansetzende L\u00f6sungsszenarien f\u00fcr den Gesundheitskontext entwickelt werden. Die Zusammenarbeit im Zukunftslabor wird in Form von einmal j\u00e4hrlichen interdisziplin\u00e4ren Konferenzen rund um Zukunftsthemen strukturiert.<\/p>\t\t\t\t                            <\/div>\n\t\t                    <\/div>\n        <\/div>\n\t\t\t\t<\/div>\n\t\t\t\t<\/div>\n\t\t\t\t\t<\/div>\n\t\t<\/div>\n\t\t\t\t\t<\/div>\n\t\t<\/section>\n\t\t\t\t<section class=\"elementor-section elementor-top-section elementor-element elementor-element-afd3e20 elementor-section-boxed elementor-section-height-default elementor-section-height-default\" data-id=\"afd3e20\" data-element_type=\"section\">\n\t\t\t\t\t\t<div class=\"elementor-container elementor-column-gap-default\">\n\t\t\t\t\t<div class=\"elementor-column elementor-col-100 elementor-top-column elementor-element elementor-element-e2e0f65\" data-id=\"e2e0f65\" data-element_type=\"column\">\n\t\t\t<div class=\"elementor-widget-wrap elementor-element-populated\">\n\t\t\t\t\t\t<div class=\"elementor-element elementor-element-4a4dc69 elementor-widget elementor-widget-spacer\" data-id=\"4a4dc69\" data-element_type=\"widget\" data-widget_type=\"spacer.default\">\n\t\t\t\t<div class=\"elementor-widget-container\">\n\t\t\t\t\t\t\t<div class=\"elementor-spacer\">\n\t\t\t<div class=\"elementor-spacer-inner\"><\/div>\n\t\t<\/div>\n\t\t\t\t\t\t<\/div>\n\t\t\t\t<\/div>\n\t\t\t\t\t<\/div>\n\t\t<\/div>\n\t\t\t\t\t<\/div>\n\t\t<\/section>\n\t\t\t\t<section class=\"elementor-section elementor-top-section elementor-element elementor-element-05ba426 animated-slow elementor-section-boxed elementor-section-height-default elementor-section-height-default elementor-invisible\" data-id=\"05ba426\" data-element_type=\"section\" data-settings=\"{&quot;animation&quot;:&quot;fadeIn&quot;}\">\n\t\t\t\t\t\t<div class=\"elementor-container elementor-column-gap-default\">\n\t\t\t\t\t<div class=\"elementor-column elementor-col-100 elementor-top-column elementor-element elementor-element-b1c70ee\" data-id=\"b1c70ee\" data-element_type=\"column\">\n\t\t\t<div class=\"elementor-widget-wrap elementor-element-populated\">\n\t\t\t\t\t\t<div class=\"elementor-element elementor-element-a15da94 elementor-widget elementor-widget-text-editor\" data-id=\"a15da94\" data-element_type=\"widget\" data-widget_type=\"text-editor.default\">\n\t\t\t\t<div class=\"elementor-widget-container\">\n\t\t\t\t\t\t\t\t\t<p><strong>Sie sind Mitglied im Health.AI-Netzwerk und haben einen spezifischen Bedarf an Infrastrukturen, suchen oder ben\u00f6tigen bestimmte Kompetenzen<\/strong><strong>\u00a0oder Werkzeuge<\/strong><strong>\u00a0oder haben Interesse an einem\u00a0<\/strong><strong>Prototyping-Format<\/strong>? Wenden Sie sich bitte an\u00a0<a href=\"mailto:ingo.besserdich-noss@health-ai.de\"><u>ingo.besserdich-noss@health-ai.de<\/u><\/a><\/p>\t\t\t\t\t\t\t\t<\/div>\n\t\t\t\t<\/div>\n\t\t\t\t\t<\/div>\n\t\t<\/div>\n\t\t\t\t\t<\/div>\n\t\t<\/section>\n\t\t\t\t<\/div>\n\t\t","protected":false},"excerpt":{"rendered":"<p>Health.AI ist ein regionales Innovations\u00f6kosystems, das die Vielfalt der Akteure und die Komplexit\u00e4t des regionalen Gesundheitswesens ber\u00fccksichtigt. Der Health.AI Hub schafft dazu Experimentierr\u00e4ume (physisch und virtuell), die den Netzwerkmitgliedern die &#8230; <a title=\"Health.AI Hub\" class=\"read-more\" href=\"https:\/\/health-ai.de\/dev-site\/hub\/\" aria-label=\"Mehr zu Health.AI Hub\">Weiterlesen &#8230;<\/a><\/p>\n","protected":false},"author":3,"featured_media":0,"parent":0,"menu_order":9,"comment_status":"closed","ping_status":"closed","template":"","meta":{"footnotes":""},"class_list":{"0":"post-243822","1":"page","2":"type-page","3":"status-publish","5":"no-featured-image-padding"},"_links":{"self":[{"href":"https:\/\/health-ai.de\/dev-site\/wp-json\/wp\/v2\/pages\/243822","targetHints":{"allow":["GET"]}}],"collection":[{"href":"https:\/\/health-ai.de\/dev-site\/wp-json\/wp\/v2\/pages"}],"about":[{"href":"https:\/\/health-ai.de\/dev-site\/wp-json\/wp\/v2\/types\/page"}],"author":[{"embeddable":true,"href":"https:\/\/health-ai.de\/dev-site\/wp-json\/wp\/v2\/users\/3"}],"replies":[{"embeddable":true,"href":"https:\/\/health-ai.de\/dev-site\/wp-json\/wp\/v2\/comments?post=243822"}],"version-history":[{"count":90,"href":"https:\/\/health-ai.de\/dev-site\/wp-json\/wp\/v2\/pages\/243822\/revisions"}],"predecessor-version":[{"id":248990,"href":"https:\/\/health-ai.de\/dev-site\/wp-json\/wp\/v2\/pages\/243822\/revisions\/248990"}],"wp:attachment":[{"href":"https:\/\/health-ai.de\/dev-site\/wp-json\/wp\/v2\/media?parent=243822"}],"curies":[{"name":"wp","href":"https:\/\/api.w.org\/{rel}","templated":true}]}}